{"id":5533,"date":"2024-09-13T17:00:25","date_gmt":"2024-09-13T15:00:25","guid":{"rendered":"https:\/\/atelier-sienne.fr\/?page_id=5533"},"modified":"2024-09-13T17:00:26","modified_gmt":"2024-09-13T15:00:26","slug":"architecte","status":"publish","type":"page","link":"https:\/\/atelier-sienne.fr\/index.php\/architecte\/","title":{"rendered":"Architecte ?"},"content":{"rendered":"\n<div class=\"wp-block-group\"><div class=\"wp-block-group__inner-container is-layout-flow wp-block-group-is-layout-flow\">\n<div class=\"wp-block-group\"><div class=\"wp-block-group__inner-container is-layout-flow wp-block-group-is-layout-flow\">\n<div class=\"wp-block-image\"><figure class=\"alignleft size-large is-resized\"><img loading=\"lazy\" decoding=\"async\" src=\"https:\/\/atelier-sienne.fr\/wp-content\/uploads\/2024\/09\/ordre-copie-edited-scaled.jpg\" alt=\"\" class=\"wp-image-5537\" width=\"251\" height=\"188\" srcset=\"https:\/\/atelier-sienne.fr\/wp-content\/uploads\/2024\/09\/ordre-copie-edited-scaled.jpg 2560w, https:\/\/atelier-sienne.fr\/wp-content\/uploads\/2024\/09\/ordre-copie-edited-300x225.jpg 300w, https:\/\/atelier-sienne.fr\/wp-content\/uploads\/2024\/09\/ordre-copie-edited-1024x768.jpg 1024w, https:\/\/atelier-sienne.fr\/wp-content\/uploads\/2024\/09\/ordre-copie-edited-768x576.jpg 768w, https:\/\/atelier-sienne.fr\/wp-content\/uploads\/2024\/09\/ordre-copie-edited-1536x1152.jpg 1536w, https:\/\/atelier-sienne.fr\/wp-content\/uploads\/2024\/09\/ordre-copie-edited-2048x1536.jpg 2048w, https:\/\/atelier-sienne.fr\/wp-content\/uploads\/2024\/09\/ordre-copie-edited-155x116.jpg 155w\" sizes=\"auto, (max-width: 251px) 100vw, 251px\" \/><figcaption><em>Logo de l&#8217;Ordre des Architectes<\/em><\/figcaption><\/figure><\/div>\n\n\n\n<p class=\"has-text-align-left\" id=\"block-2519343b-aa15-4770-b43f-6f459626025e\"><br>L&#8217;Atelier Sienne est une soci\u00e9t\u00e9 d\u2019architecture, cr\u00e9\u00e9e par une architecte. Tout le monde connait le mot architecte, mais quelle r\u00e9alit\u00e9 y-a-t-il derri\u00e8re ce titre ?<\/p>\n\n\n\n<p>Le m\u00e9tier d\u2019architecte est celui d\u2019un concepteur et ma\u00eetre d\u2019\u0153uvre. C\u2019est une profession r\u00e9glement\u00e9e, les architectes pr\u00eatent donc serment&nbsp; avant d\u2019\u00eatre inscrit au tableau de l\u2019Ordre des architectes :<\/p>\n\n\n\n<p><em>\u00ab&nbsp;Dans le respect de l&#8217;int\u00e9r\u00eat public qui s&#8217;attache \u00e0 la qualit\u00e9 architecturale et environnementale, je jure d&#8217;exercer ma profession avec conscience, probit\u00e9 et responsabilit\u00e9 et d&#8217;observer les r\u00e8gles contenues dans la loi n\u00b077-2 du 3 janvier 1977 sur l&#8217;architecture et dans le code de d\u00e9ontologie \u00bb<\/em><\/p>\n\n\n\n<p>Nous respectons donc le&nbsp;code de d\u00e9ontologie&nbsp;des architectes. En voici quelques points illustr\u00e9s :<\/p>\n\n\n\n<p><em>Ind\u00e9pendance :<\/em><br>L\u2019architecte s\u2019engage \u00e0 rester impartial et objectif dans toutes ses interactions, en \u00e9vitant tout conflit d&#8217;int\u00e9r\u00eats. Secret professionnel et ind\u00e9pendance \u00e0 l\u2019\u00e9gard des liens d\u2019int\u00e9r\u00eats garantissent le respect de la confiance et des droits des usagers.<\/p>\n\n\n\n<p><em>Int\u00e9r\u00eat g\u00e9n\u00e9ral : <\/em><br>Tout architecte pr\u00eate son concours aux actions d&#8217;int\u00e9r\u00eat g\u00e9n\u00e9ral en faveur de l&#8217;architecture. \u00ab L\u2019architecture est une expression de la culture. La cr\u00e9ation architecturale, la qualit\u00e9 des constructions, leur insertion harmonieuse dans le milieu environnant, le respect des paysages naturels ou urbains ainsi que du patrimoine sont d\u2019int\u00e9r\u00eat public \u00bb. (article 1<sup>er<\/sup> de la loi du 3 janvier 1977 sur l\u2019architecture)<\/p>\n\n\n\n<p><em>Formation continue :<\/em><br>L&#8217;architecte entretient et am\u00e9liore sa comp\u00e9tence \u00e0 raison de 20h minimum par an. Il a l\u2019obligation de d\u00e9clarer ses formations \u00e0 l\u2019Ordre des Architectes tous les 3ans.<\/p>\n\n\n\n<p><em>Signature de complaisance :\u00a0<\/em><br>La signature de complaisance se caract\u00e9rise par la simple apposition de la signature d&#8217;un architecte lors d&#8217;une demande de permis de construire n\u00e9cessitant son recours, alors qu&#8217;il n&#8217;est pas l&#8217;auteur du projet. Un architecte qui n&#8217;a pas particip\u00e9 \u00e0 l&#8217;\u00e9laboration d&#8217;un projet ne peut en aucun cas y apposer sa signature.<\/p>\n\n\n\n<p><em>Obligation d\u2019assurance :\u00a0<\/em><br>L\u2019architecte doit \u00eatre assur\u00e9 d\u00e8s le d\u00e9but de son exercice professionnel pour toute mission, y compris une simple mission de conseil, celle-ci pouvant \u00eatre g\u00e9n\u00e9ratrice de responsabilit\u00e9. L\u2019architecte (ou la soci\u00e9t\u00e9 d\u2019architecture) a l\u2019obligation d\u2019adresser chaque ann\u00e9e, au Conseil r\u00e9gional de l\u2019Ordre dont il rel\u00e8ve, avant le 31 mars, une attestation de son organisme assureur \u00e9tablissant qu\u2019il est couvert pour l\u2019ann\u00e9e en cours (le d\u00e9faut de production de cette attestation est passible de suspension ou de radiation du Tableau de l&#8217;Ordre).<\/p>\n<\/div><\/div>\n\n\n\n<div class=\"wp-block-group is-layout-flow wp-block-group-is-layout-flow\"><div class=\"wp-block-group__inner-container\"><\/div><\/div>\n<\/div><\/div>\n\n\n\n<div class=\"wp-block-group\"><div class=\"wp-block-group__inner-container is-layout-flow wp-block-group-is-layout-flow\">\n<div class=\"wp-block-image\"><figure class=\"alignleft size-large is-resized\"><img loading=\"lazy\" decoding=\"async\" src=\"https:\/\/atelier-sienne.fr\/wp-content\/uploads\/2024\/09\/architecte-chantier-edited.png\" alt=\"\" class=\"wp-image-5543\" width=\"293\" height=\"293\" srcset=\"https:\/\/atelier-sienne.fr\/wp-content\/uploads\/2024\/09\/architecte-chantier-edited.png 1893w, https:\/\/atelier-sienne.fr\/wp-content\/uploads\/2024\/09\/architecte-chantier-edited-300x300.png 300w, https:\/\/atelier-sienne.fr\/wp-content\/uploads\/2024\/09\/architecte-chantier-edited-1024x1024.png 1024w, https:\/\/atelier-sienne.fr\/wp-content\/uploads\/2024\/09\/architecte-chantier-edited-150x150.png 150w, https:\/\/atelier-sienne.fr\/wp-content\/uploads\/2024\/09\/architecte-chantier-edited-768x768.png 768w, https:\/\/atelier-sienne.fr\/wp-content\/uploads\/2024\/09\/architecte-chantier-edited-1536x1536.png 1536w, https:\/\/atelier-sienne.fr\/wp-content\/uploads\/2024\/09\/architecte-chantier-edited-116x116.png 116w, https:\/\/atelier-sienne.fr\/wp-content\/uploads\/2024\/09\/architecte-chantier-edited-50x50.png 50w\" sizes=\"auto, (max-width: 293px) 100vw, 293px\" \/><figcaption><em>\u00a9\u00a0Paul Dussud<\/em><\/figcaption><\/figure><\/div>\n\n\n\n<p><strong>Un architecte, pour quoi faire ?<\/strong><br>L\u2019architecte : <br>\u2022 travaille sur l\u2019am\u00e9nagement d\u2019une cuisine comme sur la construction d\u2019une maison <br>\u2022 peut \u00e9tudier la faisabilit\u00e9 d\u2019un projet comme accompagner sa r\u00e9alisation <br>\u2022 fait en sorte que votre logement vous ressemble <br>\u2022 vous aide \u00e0 d\u00e9terminer ce qui vous tient r\u00e9ellement \u00e0 c\u0153ur <br>\u2022 vous apporte un regard technique et r\u00e8glementaire sur votre bien et son potentiel <br>\u2022 \u00e9labore des solutions fonctionnelles, confortables, financi\u00e8rement raisonnables et esth\u00e9tiques <br>\u2022 vous accompagne dans les d\u00e9marches administratives n\u00e9cessaires \u00e0 votre projet de travaux <br>\u2022 vous accompagne la d\u00e9finition de votre projet en ad\u00e9quation avec le budget que vous souhaitez investir <br>\u2022 vous accompagne face aux diff\u00e9rents acteurs de votre projet de travaux <br>\u2022 vous d\u00e9charge et vous conseille \u00e0 chaque \u00e9tape <br>\u2022 \u00e9tudie votre projet pour l\u2019int\u00e9grer harmonieusement dans votre environnement : immeubles avoisinants, rue, jardin, quartier&#8230; <br>\u2022 contribue \u00e0 l\u2019am\u00e9lioration du cadre de vie de tous par votre projet<br>L\u2019architecte vous facilite la vie au quotidien face \u00e0 votre projet de travaux<\/p>\n<\/div><\/div>\n\n\n\n<p><strong>Un architecte, combien \u00e7a co\u00fbte ?<\/strong> <br>\u2022 comme un avocat, un m\u00e9decin, un ing\u00e9nieur, un garagiste &#8230; souvent moins <br>\u2022 les prix des architectes sont connus en avance et d\u00e9taill\u00e9s dans un devis-contrat avant le d\u00e9but de la mission que vous lui confierez, <br>\u2022 vous connaissez exactement le montant de sa r\u00e9mun\u00e9ration et vous \u00eates le seul intervenant de votre projet de travaux \u00e0 le r\u00e9mun\u00e9rer. Vous \u00eates ainsi assur\u00e9 de son impartialit\u00e9 vis-\u00e0-vis des artisans, des fournisseurs et de tout autre acteur de votre projet <br>\u2022 l\u2019architecte adapte ses prestations \u00e0 votre besoin : il propose des missions courtes (visite conseil par exemple) et des missions plus longues (conception, pr\u00e9paration de chantier, supervision de chantier) <br>\u2022 le prix d\u00e9pend du temps pass\u00e9 par l\u2019architecte sur votre projet en fonction de la mission que vous lui confiez et de l\u2019ampleur de votre projet de travaux, <br>\u2022 le co\u00fbt de la mission comprend aussi : une assurance professionnelle de qualit\u00e9, la formation continue de votre architecte, tout l\u2019\u00e9quipement n\u00e9cessaire pour vous accompagner dans toutes les \u00e9tapes de votre projet\u2026 pour vous rendre un service de qualit\u00e9 <br>\u2022 le recours \u00e0 un architecte, c\u2019est une plus-value assur\u00e9e pour votre bien \u00e0 la revente. Ce sont aussi des \u00e9conomies sur l\u2019ensemble de votre projet de travaux et sur le cycle vie de votre habitation, bien au-del\u00e0 de sa r\u00e9mun\u00e9ration, gr\u00e2ce \u00e0 son accompagnement avis\u00e9.<\/p>\n\n\n\n<p><strong>Un architecte, \u00e7a prend du temps ?<\/strong><br>L\u2019architecte : <br>\u2022 vous aide \u00e0 planifier le temps de votre projet de travaux <br>\u2022 organise et vous accompagne dans le d\u00e9roulement des \u00e9tudes et du chantier <br>\u2022 ne peut se substituer \u00e0 vous pour faire les choix qui vous reviennent mais vous permettra de les faire en connaissance de cause, un projet de travaux, \u00e7a prend du temps, m\u00eame avec un architecte <br>\u2022 \u00e9tablit le planning des travaux avec les entreprises <br>\u2022 supervise et rend compte de l\u2019avancement du chantier <br>\u2022 ne peut se substituer aux artisans quant \u00e0 l\u2019ex\u00e9cution r\u00e9elle des travaux mais vous donne les cl\u00e9s pour limiter les retards<br>L\u2019architecte est l\u00e0 pour vous aider \u00e0 prendre la mesure du temps n\u00e9cessaire au projet dans sa globalit\u00e9 et vous aide \u00e0 prioriser, non pas la sensation d\u2019urgence et le d\u00e9sir de rapidit\u00e9, mais plut\u00f4t la qualit\u00e9 de votre projet de travaux, qui sera le seul souvenir r\u00e9el et tangible de son processus de fabrication.<\/p>\n\n\n\n<div class=\"wp-block-group\"><div class=\"wp-block-group__inner-container is-layout-flow wp-block-group-is-layout-flow\">\n<div class=\"wp-block-image\"><figure class=\"alignleft size-large is-resized\"><img loading=\"lazy\" decoding=\"async\" src=\"https:\/\/atelier-sienne.fr\/wp-content\/uploads\/2024\/09\/architecte-cout-edited.png\" alt=\"\" class=\"wp-image-5549\" width=\"507\" height=\"285\" srcset=\"https:\/\/atelier-sienne.fr\/wp-content\/uploads\/2024\/09\/architecte-cout-edited.png 2985w, https:\/\/atelier-sienne.fr\/wp-content\/uploads\/2024\/09\/architecte-cout-edited-300x169.png 300w, https:\/\/atelier-sienne.fr\/wp-content\/uploads\/2024\/09\/architecte-cout-edited-1024x576.png 1024w, https:\/\/atelier-sienne.fr\/wp-content\/uploads\/2024\/09\/architecte-cout-edited-768x432.png 768w, https:\/\/atelier-sienne.fr\/wp-content\/uploads\/2024\/09\/architecte-cout-edited-1536x864.png 1536w, https:\/\/atelier-sienne.fr\/wp-content\/uploads\/2024\/09\/architecte-cout-edited-2048x1152.png 2048w, https:\/\/atelier-sienne.fr\/wp-content\/uploads\/2024\/09\/architecte-cout-edited-206x116.png 206w\" sizes=\"auto, (max-width: 507px) 100vw, 507px\" \/><figcaption><em>\u00a9\u00a0Paul Dussud<\/em><\/figcaption><\/figure><\/div>\n\n\n\n<p><strong>Un architecte, pour mon chantier ?<\/strong><br>L\u2019architecte : <br>\u2022 c\u2019est un ma\u00eetre d\u2019\u0153uvre \u00e0 m\u00eame de superviser votre chantier <br>\u2022 g\u00e8re pour vous les gros soucis et petits tracas aupr\u00e8s des entreprises<br>\u2022 veillera \u00e0 ce que votre projet soit respect\u00e9, tant dans les mat\u00e9riaux que dans l\u2019ex\u00e9cution <br>\u2022 ne prend pas de marge sur les mat\u00e9riaux et \u00e9quipements sans vous en informer, condition n\u00e9cessaire \u00e0 son ind\u00e9pendance <br>\u2022 vous informe r\u00e9guli\u00e8rement sur l\u2019\u00e9conomie du chantier \u2022d\u00e9fend toujours vos int\u00e9r\u00eats d\u00e8s lors qu\u2019ils sont fond\u00e9s<br>L\u2019architecte vous offre 100% d\u2019\u00e9conomie de votre temps (pr\u00e9cieux) \u00e0 cette \u00e9tape de votre projet de travaux. Diriger un chantier, c\u2019est un m\u00e9tier !<\/p>\n<\/div><\/div>\n\n\n\n<p><strong>Pour en savoir plus ?<\/strong><br>Le site de l&#8217;<a href=\"https:\/\/www.architectes.org\/\" data-type=\"URL\" data-id=\"https:\/\/www.architectes.org\/\" target=\"_blank\" rel=\"noreferrer noopener\">Ordre des architectes<\/a><br>Le site de l&#8217;<a href=\"https:\/\/www.architectesetparticuliers.fr\/\" data-type=\"URL\" data-id=\"https:\/\/www.architectesetparticuliers.fr\/\" target=\"_blank\" rel=\"noreferrer noopener\">association Architectes &amp; Particuliers<\/a><\/p>\n","protected":false},"excerpt":{"rendered":"<p>L&#8217;Atelier Sienne est une soci\u00e9t\u00e9 d\u2019architecture, cr\u00e9\u00e9e par une architecte. Tout le monde connait le mot architecte, mais quelle r\u00e9alit\u00e9 &hellip; <a href=\"https:\/\/atelier-sienne.fr\/index.php\/architecte\/\" class=\"more-link\">Continue reading <span class=\"screen-reader-text\">Architecte ?<\/span><\/a><\/p>\n","protected":false},"author":1,"featured_media":0,"parent":0,"menu_order":0,"comment_status":"closed","ping_status":"closed","template":"","meta":{"jetpack_post_was_ever_published":false,"footnotes":""},"class_list":["post-5533","page","type-page","status-publish","hentry"],"jetpack_sharing_enabled":true,"jetpack_shortlink":"https:\/\/wp.me\/PaqDx4-1rf","_links":{"self":[{"href":"https:\/\/atelier-sienne.fr\/index.php\/wp-json\/wp\/v2\/pages\/5533","targetHints":{"allow":["GET"]}}],"collection":[{"href":"https:\/\/atelier-sienne.fr\/index.php\/wp-json\/wp\/v2\/pages"}],"about":[{"href":"https:\/\/atelier-sienne.fr\/index.php\/wp-json\/wp\/v2\/types\/page"}],"author":[{"embeddable":true,"href":"https:\/\/atelier-sienne.fr\/index.php\/wp-json\/wp\/v2\/users\/1"}],"replies":[{"embeddable":true,"href":"https:\/\/atelier-sienne.fr\/index.php\/wp-json\/wp\/v2\/comments?post=5533"}],"version-history":[{"count":12,"href":"https:\/\/atelier-sienne.fr\/index.php\/wp-json\/wp\/v2\/pages\/5533\/revisions"}],"predecessor-version":[{"id":5551,"href":"https:\/\/atelier-sienne.fr\/index.php\/wp-json\/wp\/v2\/pages\/5533\/revisions\/5551"}],"wp:attachment":[{"href":"https:\/\/atelier-sienne.fr\/index.php\/wp-json\/wp\/v2\/media?parent=5533"}],"curies":[{"name":"wp","href":"https:\/\/api.w.org\/{rel}","templated":true}]}}