{"id":5464,"date":"2024-09-01T19:40:30","date_gmt":"2024-09-01T17:40:30","guid":{"rendered":"https:\/\/atelier-sienne.fr\/?page_id=5464"},"modified":"2024-09-02T16:39:33","modified_gmt":"2024-09-02T14:39:33","slug":"construire-en-paille","status":"publish","type":"page","link":"https:\/\/atelier-sienne.fr\/index.php\/construire-en-paille\/","title":{"rendered":"Construire en paille"},"content":{"rendered":"\n<div class=\"wp-block-group\"><div class=\"wp-block-group__inner-container is-layout-flow wp-block-group-is-layout-flow\">\n<div class=\"wp-block-group\"><div class=\"wp-block-group__inner-container is-layout-flow wp-block-group-is-layout-flow\">\n<div class=\"wp-block-image\"><figure class=\"alignleft size-large\"><img loading=\"lazy\" decoding=\"async\" width=\"520\" height=\"501\" src=\"https:\/\/atelier-sienne.fr\/wp-content\/uploads\/2024\/08\/mur-paille.jpeg\" alt=\"\" class=\"wp-image-5465\" srcset=\"https:\/\/atelier-sienne.fr\/wp-content\/uploads\/2024\/08\/mur-paille.jpeg 520w, https:\/\/atelier-sienne.fr\/wp-content\/uploads\/2024\/08\/mur-paille-300x289.jpeg 300w, https:\/\/atelier-sienne.fr\/wp-content\/uploads\/2024\/08\/mur-paille-120x116.jpeg 120w\" sizes=\"auto, (max-width: 520px) 100vw, 520px\" \/><figcaption><em>Mur ossature bois et remplissage paille avant enduit<br><strong>\u00a9<\/strong> Ecococon<\/em><\/figcaption><\/figure><\/div>\n\n\n\n<p><br><strong>C\u2019est quoi&nbsp;?<\/strong><br>La paille est un des mat\u00e9riaux de construction le plus \u00e9co-responsables aujourd\u2019hui en France : qualit\u00e9s isolantes, mat\u00e9riau sain et acoustique, \u00e9conomique, stockeuse de CO2, faiblement consommatrice d\u2019\u00e9nergie, la paille a tout pour elle !<br>Elle peut \u00eatre utilis\u00e9e en remplissage de parois, comme isolation thermique par l\u2019ext\u00e9rieur, comme fibres dans un enduit ou encore comme paroi porteuse.<br>Produite localement dans de nombreuses r\u00e9gions, la production moyenne par an en France est estim\u00e9e \u00e0 20 000 tonnes. Apr\u00e8s son utilisation agricole (amendement, liti\u00e8re, production agricole\u2026) il resterait 1 500 tonnes disponibles par an. (<em>Source : RFCP lors des rencontres professionnelles de la construction paille du 01 juin 2022<\/em>).&nbsp; Cela permettrait chaque ann\u00e9e d\u2019isoler en moyenne 70% des b\u00e2timents neufs ou de r\u00e9aliser de nombreuses r\u00e9novations \u00e9nerg\u00e9tiques.<\/p>\n\n\n\n<p><strong>Depuis quand ?<\/strong><br>La paille est depuis longtemps utilis\u00e9e comme un mat\u00e9riau de construction : depuis au moins -900, elle constituait, en Gaule, des toits de chaume et des murs en torchis (m\u00e9lange de terre et de paille).<br>A la fin du 19<sup>\u00e8me<\/sup> si\u00e8cle, c\u2019est l\u2019apparition des botteleuses agricoles aux Etats-Unis et des premi\u00e8res maisons en bottes de paille porteuses dans le Nebraska. &nbsp;<br>En 1920, c\u2019est la plus ancienne maison construite en France en ossature bois et isolation en bottes de paille qui sort de terre : la Maison Feuillette \u00e0 Montargis (45).<br><br><br><br><\/p>\n\n\n\n<p><strong>Quels avantages ?<\/strong><br>L\u2019utilisation de la paille dans la construction a de nombreux avantages :<br><strong>Qualit\u00e9s isolantes : <\/strong>la paille conf\u00e8re un confort thermique tout au long de l\u2019ann\u00e9e.<br><strong>Mat\u00e9riau sain : <\/strong>ses fibres sont 100% naturelles, non transform\u00e9es, elles ne d\u00e9gagent pas de COV (compos\u00e9s organiques volatiles) et contribuent \u00e0 une bonne qualit\u00e9 de l\u2019air int\u00e9rieur.<br><strong>Acoustique : <\/strong>les parois en paille sont souvent associ\u00e9es \u00e0 un enduit en terre crue. Cette composition de parois qui associe masse-ressort-masse a de grandes qualit\u00e9s d\u2019isolation acoustique.<br><strong>Economique : <\/strong>la fourniture de la paille a un prix d\u00e9fiant toute concurrence en mati\u00e8re d\u2019isolant. Son prix est plut\u00f4t stable dans le temps, contrairement aux \u00e9nergies de chauffage, dont elle permet de s\u2019\u00e9manciper en conf\u00e9rant une bonne performance thermique aux constructions qu\u2019elle compose.<br><strong>Stockage de CO2 : <\/strong>1 kg de paille permet de stocker 1,5kg de CO2, soit environ 14kg par m\u00b2 de paroi en paille. La construction en paille permet donc de stocker des gaz \u00e0 effet de serre.<br><strong>Faible consommation d\u2019\u00e9nergie : <\/strong>l\u2019\u00e9nergie pour la produire est celle de l\u2019industrie agricole, elle ne n\u00e9cessite que tr\u00e8s peu de transformation, elle peut \u00eatre trouv\u00e9e localement et n\u00e9cessiter peu de transport, enfin elle se composte en fin de vie.<\/p>\n\n\n\n<div class=\"wp-block-group\"><div class=\"wp-block-group__inner-container is-layout-flow wp-block-group-is-layout-flow\">\n<div class=\"wp-block-image\"><figure class=\"alignright size-large is-resized\"><img loading=\"lazy\" decoding=\"async\" src=\"https:\/\/atelier-sienne.fr\/wp-content\/uploads\/2024\/09\/techniques-paille-1-edited.png\" alt=\"\" class=\"wp-image-5499\" width=\"368\" height=\"339\" srcset=\"https:\/\/atelier-sienne.fr\/wp-content\/uploads\/2024\/09\/techniques-paille-1-edited.png 654w, https:\/\/atelier-sienne.fr\/wp-content\/uploads\/2024\/09\/techniques-paille-1-edited-300x277.png 300w, https:\/\/atelier-sienne.fr\/wp-content\/uploads\/2024\/09\/techniques-paille-1-edited-126x116.png 126w\" sizes=\"auto, (max-width: 368px) 100vw, 368px\" \/><figcaption><em>Les diff\u00e9rentes techniques de construction en paille<br><strong>\u00a9<\/strong>&nbsp;Paul Dussud<\/em><\/figcaption><\/figure><\/div>\n\n\n\n<p><strong>Techniques de mise en \u0153uvre ?<\/strong><br>Dans la construction, la paille est majoritairement utilis\u00e9e sous forme de botte, en g\u00e9n\u00e9ral relativement petites, avec une profondeur de 37cm, une largeur de 47cm et une longueur variable de 80 \u00e0 120cm, pour une densit\u00e9 d\u2019environ 80 \u00e0 120kg\/m3. La paille est principalement utilis\u00e9e pour ses capacit\u00e9s isolantes, mais elle peut \u00e9galement \u00eatre utilis\u00e9e comme support d\u2019enduit et comme \u00e9l\u00e9ments structurels du b\u00e2timent (cette derni\u00e8re technique est pour l\u2019instant hors r\u00e8gles professionnelles).<br><strong>La paille de remplissage : <\/strong>Cette technique est la plus commune des techniques de construction en paille. Elle consiste au remplissage d\u2019une structure (la plupart du temps en bois) avec des bottes de paille. La paille peut \u00e9galement \u00eatre utilis\u00e9e en toiture notamment en tant qu\u2019isolant dans les combles perdus ou au niveau des rampants.<br><strong>Le caisson pr\u00e9fabriqu\u00e9 : <\/strong>Cette technique reprend les principes de la technique de la paille de remplissage, mais dans ce cas, les caissons sont pr\u00e9fabriqu\u00e9s et remplis en ateliers puis install\u00e9s sur le chantier. Ces caissons peuvent \u00eatre porteurs ou non. L\u2019entreprise Ecococon propose ce type de produit.&nbsp;<br><strong>La paille structurelle : <\/strong>Avec cette technique, la paille est, en plus d\u2019\u00eatre l\u2019isolant, la structure du b\u00e2timent et soutient la toiture. Plusieurs essais ont montr\u00e9 que cette technique poss\u00e8de une bonne r\u00e9sistance face aux mouvements sismiques. Cette technique n\u2019est pas couverte par les r\u00e8gles professionnelles pour l\u2019instant.<br><strong>L\u2019isolation thermique par l\u2019ext\u00e9rieur en paille : <\/strong>Comme pour l\u2019isolation thermique par l\u2019ext\u00e9rieur conventionnelle, le principe est de cr\u00e9er un manteau autour d\u2019un b\u00e2timent existant afin de pouvoir l\u2019isoler enti\u00e8rement. Les bottes de paille peuvent \u00eatre install\u00e9es soit directement sur la fa\u00e7ade ou alors install\u00e9es dans une ossature secondaire fix\u00e9e sur la fa\u00e7ade. De nouveaux proc\u00e9d\u00e9s sont r\u00e9cemment apparus sur le march\u00e9. Ils consistent \u00e0 l\u2019installation de caissons install\u00e9s en fa\u00e7ade qui sont ensuite remplis de paille hach\u00e9e. La fili\u00e8re Ielo en est le principal acteur et propose \u00e9galement une isolation par l&#8217;int\u00e9rieur en paille.<\/p>\n<\/div><\/div>\n\n\n\n<div class=\"wp-block-image\"><figure class=\"alignleft size-large is-resized\"><img loading=\"lazy\" decoding=\"async\" src=\"https:\/\/atelier-sienne.fr\/wp-content\/uploads\/2024\/09\/ite-paille-copie.jpg\" alt=\"\" class=\"wp-image-5470\" width=\"357\" height=\"357\" srcset=\"https:\/\/atelier-sienne.fr\/wp-content\/uploads\/2024\/09\/ite-paille-copie.jpg 939w, https:\/\/atelier-sienne.fr\/wp-content\/uploads\/2024\/09\/ite-paille-copie-300x300.jpg 300w, https:\/\/atelier-sienne.fr\/wp-content\/uploads\/2024\/09\/ite-paille-copie-150x150.jpg 150w, https:\/\/atelier-sienne.fr\/wp-content\/uploads\/2024\/09\/ite-paille-copie-768x768.jpg 768w, https:\/\/atelier-sienne.fr\/wp-content\/uploads\/2024\/09\/ite-paille-copie-116x116.jpg 116w, https:\/\/atelier-sienne.fr\/wp-content\/uploads\/2024\/09\/ite-paille-copie-50x50.jpg 50w\" sizes=\"auto, (max-width: 357px) 100vw, 357px\" \/><figcaption><em>Photo du chantier d&#8217;isolation par l&#8217;ext\u00e9rieur en paille d&#8217;une maison<\/em><\/figcaption><\/figure><\/div>\n\n\n\n<p><br><strong>Les a priori :<\/strong><br><strong>Les rongeurs :<\/strong> La paille ne pr\u00e9sente aucun int\u00e9r\u00eat alimentaire pour les rongeurs \u00e9tant donn\u00e9 qu&#8217;elle n\u2019est constitu\u00e9e que des tiges des c\u00e9r\u00e9ales et ne contient pas de graines. De plus, la mise en \u0153uvre de la paille avec des enduits protecteurs ou dans des caissons pr\u00e9fabriqu\u00e9s, ainsi que sa densit\u00e9 importante emp\u00eachent le nichage des rongeurs.<br><strong>Le feu : <\/strong>De nombreux essais en France et \u00e0 l\u2019\u00e9tranger ont permis de montrer que les murs faits en paille sont conformes aux exigences r\u00e8glementaires. La botte de paille par sa densit\u00e9 tr\u00e8s compacte a une combustion tr\u00e8s lente et produit tr\u00e8s peu de fum\u00e9e.<br><strong>L\u2019humidit\u00e9 : <\/strong>Si la paille est mise en \u0153uvre correctement et que les conditions de stockage ont \u00e9t\u00e9 respect\u00e9es, aucun probl\u00e8me d\u2019humidit\u00e9 n\u2019est \u00e0 pr\u00e9voir. La paille est d\u2019ailleurs un tr\u00e8s bon mat\u00e9riau perspirant. C\u2019est-\u00e0-dire qu&#8217;il aspire, \u00e9vacue et r\u00e9gule l\u2019humidit\u00e9 naturellement.<br><strong>Les insectes : <\/strong>La paille n\u2019est pas un aliment suffisant pour la survie des termites (plusieurs tests ont d\u2019ailleurs montr\u00e9 la r\u00e9sistance de la paille face aux termites). De plus, il est possible que d\u2019autres types d\u2019insectes se retrouvent dans les bottes de paille lors de leurs mises en \u0153uvre. N\u00e9anmoins, ils ne restent pas, la mise en \u0153uvre n\u2019\u00e9tant pas propice \u00e0 leur habitat.<br><br><br><br><br><\/p>\n<\/div><\/div>\n\n\n\n<div class=\"wp-block-group is-layout-flow wp-block-group-is-layout-flow\"><div class=\"wp-block-group__inner-container\"><\/div><\/div>\n\n\n\n<p><strong>Fournisseurs de mat\u00e9riaux de construction en paille :<\/strong><br>Entreprise \u00e9cococon, productrice de caissons pr\u00e9fabriqu\u00e9s : <a href=\"https:\/\/ecococon.eu\/fr\/\">https:\/\/ecococon.eu\/fr\/<\/a><br>Fili\u00e8re Ielo, productrice d\u2019isolants en paille hach\u00e9e : <a href=\"https:\/\/ielo.coop\/notre-modele-cooperatif\/\">https:\/\/ielo.coop\/notre-modele-cooperatif\/<\/a><\/p>\n\n\n\n<p><strong>Pour en savoir plus ?<\/strong><br>Site du r\u00e9seau fran\u00e7ais de la construction en paille : <a href=\"https:\/\/www.rfcp.fr\/\">https:\/\/www.rfcp.fr\/<\/a><br><em>\u00ab&nbsp;La construction en paille, Principes fondamentaux &#8211; Techniques de mises en \u0153uvre &#8211; Exemples de r\u00e9alisations&nbsp;\u00bb <\/em>de Luc Floissac aux \u00e9ditions Terre Vivante<\/p>\n<\/div><\/div>\n","protected":false},"excerpt":{"rendered":"<p>C\u2019est quoi&nbsp;?La paille est un des mat\u00e9riaux de construction le plus \u00e9co-responsables aujourd\u2019hui en France : qualit\u00e9s isolantes, mat\u00e9riau sain &hellip; <a href=\"https:\/\/atelier-sienne.fr\/index.php\/construire-en-paille\/\" class=\"more-link\">Continue reading <span class=\"screen-reader-text\">Construire en paille<\/span><\/a><\/p>\n","protected":false},"author":1,"featured_media":0,"parent":0,"menu_order":0,"comment_status":"closed","ping_status":"closed","template":"","meta":{"jetpack_post_was_ever_published":false,"footnotes":""},"class_list":["post-5464","page","type-page","status-publish","hentry"],"jetpack_sharing_enabled":true,"jetpack_shortlink":"https:\/\/wp.me\/PaqDx4-1q8","_links":{"self":[{"href":"https:\/\/atelier-sienne.fr\/index.php\/wp-json\/wp\/v2\/pages\/5464","targetHints":{"allow":["GET"]}}],"collection":[{"href":"https:\/\/atelier-sienne.fr\/index.php\/wp-json\/wp\/v2\/pages"}],"about":[{"href":"https:\/\/atelier-sienne.fr\/index.php\/wp-json\/wp\/v2\/types\/page"}],"author":[{"embeddable":true,"href":"https:\/\/atelier-sienne.fr\/index.php\/wp-json\/wp\/v2\/users\/1"}],"replies":[{"embeddable":true,"href":"https:\/\/atelier-sienne.fr\/index.php\/wp-json\/wp\/v2\/comments?post=5464"}],"version-history":[{"count":40,"href":"https:\/\/atelier-sienne.fr\/index.php\/wp-json\/wp\/v2\/pages\/5464\/revisions"}],"predecessor-version":[{"id":5525,"href":"https:\/\/atelier-sienne.fr\/index.php\/wp-json\/wp\/v2\/pages\/5464\/revisions\/5525"}],"wp:attachment":[{"href":"https:\/\/atelier-sienne.fr\/index.php\/wp-json\/wp\/v2\/media?parent=5464"}],"curies":[{"name":"wp","href":"https:\/\/api.w.org\/{rel}","templated":true}]}}