{"id":5309,"date":"2024-05-01T14:15:57","date_gmt":"2024-05-01T12:15:57","guid":{"rendered":"https:\/\/atelier-sienne.fr\/?page_id=5309"},"modified":"2024-09-02T16:43:04","modified_gmt":"2024-09-02T14:43:04","slug":"thermographie","status":"publish","type":"page","link":"https:\/\/atelier-sienne.fr\/index.php\/thermographie\/","title":{"rendered":"Thermographie"},"content":{"rendered":"\n<div class=\"wp-block-group\"><div class=\"wp-block-group__inner-container is-layout-flow wp-block-group-is-layout-flow\">\n<div class=\"wp-block-group\"><div class=\"wp-block-group__inner-container is-layout-flow wp-block-group-is-layout-flow\">\n<div class=\"wp-block-image\"><figure class=\"alignleft size-large is-resized\"><img loading=\"lazy\" decoding=\"async\" src=\"https:\/\/atelier-sienne.fr\/wp-content\/uploads\/2024\/05\/thermographie-2-1024x1024.png\" alt=\"\" class=\"wp-image-5313\" width=\"511\" height=\"511\" srcset=\"https:\/\/atelier-sienne.fr\/wp-content\/uploads\/2024\/05\/thermographie-2-1024x1024.png 1024w, https:\/\/atelier-sienne.fr\/wp-content\/uploads\/2024\/05\/thermographie-2-300x300.png 300w, https:\/\/atelier-sienne.fr\/wp-content\/uploads\/2024\/05\/thermographie-2-150x150.png 150w, https:\/\/atelier-sienne.fr\/wp-content\/uploads\/2024\/05\/thermographie-2-768x768.png 768w, https:\/\/atelier-sienne.fr\/wp-content\/uploads\/2024\/05\/thermographie-2-1536x1536.png 1536w, https:\/\/atelier-sienne.fr\/wp-content\/uploads\/2024\/05\/thermographie-2-2048x2048.png 2048w, https:\/\/atelier-sienne.fr\/wp-content\/uploads\/2024\/05\/thermographie-2-116x116.png 116w, https:\/\/atelier-sienne.fr\/wp-content\/uploads\/2024\/05\/thermographie-2-50x50.png 50w\" sizes=\"auto, (max-width: 511px) 100vw, 511px\" \/><figcaption><em>Illustrations <strong>\u00a9<\/strong>\u00a0Paul Dussud<\/em><\/figcaption><\/figure><\/div>\n\n\n\n<p><strong>C\u2019est quoi&nbsp;?<\/strong><\/p>\n<\/div><\/div>\n<\/div><\/div>\n\n\n\n<div class=\"wp-block-group\"><div class=\"wp-block-group__inner-container is-layout-flow wp-block-group-is-layout-flow\">\n<p>Cette technique consiste \u00e0 capturer des images thermiques infrarouges pour visualiser les variations de temp\u00e9rature \u00e0 la surface des murs, des fen\u00eatres, des toits et d&#8217;autres composants du b\u00e2timent.<\/p>\n<\/div><\/div>\n\n\n\n<p>Ces images se lisent selon une \u00e9chelle thermique, qui peut varier d\u2019une image \u00e0 l\u2019autre, repr\u00e9sent\u00e9e par un d\u00e9grad\u00e9 de couleur. Elle peut s\u2019effectuer depuis l\u2019int\u00e9rieur de votre habitation ou depuis l\u2019ext\u00e9rieur, l\u2019interpr\u00e9tation des couleurs sera donc invers\u00e9e d\u2019un cas \u00e0 l\u2019autre. Pour obtenir des images significatives, nous recommandons un \u00e9cart de temp\u00e9rature entre l\u2019int\u00e9rieur et l\u2019ext\u00e9rieur d\u2019environ 10\u00b0, et un ciel nuageux pour \u00e9viter des \u00e9carts de temp\u00e9rature li\u00e9s aux rayons du soleil. <\/p>\n\n\n\n<p>Les images issues de la thermographie mettent en \u00e9vidence les endroits plus chauds ou plus froids de l\u2019enveloppe du b\u00e2timent et permettent ainsi de d\u00e9tecter ou confirmer la pr\u00e9sence d\u2019un pont thermique. Dans le cas de constructions d\u00e9j\u00e0 isol\u00e9es, la thermographie peut permettre de d\u00e9celer des d\u00e9fauts d\u2019isolation non visibles \u00e0 l\u2019\u0153il nu, par exemple un affaissement, une d\u00e9gradation ou une discontinuit\u00e9 de l\u2019isolant. Enfin, sans remplacer un test d\u2019infiltrom\u00e9trie, la thermographie peut aussi permettre de visualiser des manques d\u2019\u00e9tanch\u00e9it\u00e9 \u00e0 l\u2019air qui contribuent \u00e0 une mauvaise performance thermique.<\/p>\n\n\n\n<p>Le calcul de la performance \u00e9nerg\u00e9tique d\u2019un bien ne s\u2019appuie pas sur la thermographie mais sur la caract\u00e9risation de ses parois d\u00e9perditives. Cependant, la thermographie permettra un diagnostic plus fin et des pr\u00e9conisations plus adapt\u00e9es \u00e0 votre bien.<\/p>\n\n\n\n<p><strong>Pour vous&nbsp;?<\/strong> <br>\u2022 Si vous envisagez des travaux de r\u00e9novation \u00e9nerg\u00e9tique <br>\u2022 Si votre bien pr\u00e9sente d\u00e9j\u00e0 des parois isol\u00e9es et que vous souhaitez v\u00e9rifier leur qualit\u00e9&nbsp;<\/p>\n\n\n\n<p><strong>Comment&nbsp;?<\/strong><\/p>\n\n\n\n<p>Dans le cadre d\u2019un audit \u00e9nerg\u00e9tique ou d\u2019un DAE, nous proposons, en option, d\u2019effectuer une thermographie lors du rendez-vous pr\u00e9vu au cours de ces missions.&nbsp;Une s\u00e9lection pertinente d&#8217;image et leur interpr\u00e9tation sont ajout\u00e9es au rapport d&#8217;audit \u00e9nerg\u00e9tique ou de DAE.<\/p>\n\n\n\n<p><strong>A quel prix&nbsp;?<\/strong><\/p>\n\n\n\n<p>A partir de 180\u20acttc<\/p>\n\n\n\n<p><strong>Par exemple&nbsp;?<\/strong><\/p>\n\n\n\n<p>Voici quelques images issues de diff\u00e9rentes thermographies que nous avons effectu\u00e9es<\/p>\n\n\n<style>#sp-wp-carousel-pro-id-5318.sp-wpcp-5318 .wpcp-all-captions .wpcp-image-caption {\n\t\tcolor: #333;\n\t\tfont-size: 15px;\n\t\tline-height: 23px;\n\t\tletter-spacing: normal;\n\t\ttext-transform: capitalize;\n\t\ttext-align: center;font-family: Overpass; font-style: normal; font-weight: 400;}\n\t\t#sp-wp-carousel-pro-id-5318.sp-wpcp-5318 .wpcp-all-captions .wpcp-image-description {\n\t\t\tcolor: #333;\n\t\t\tfont-size: 14px;\n\t\t\tline-height: 21px;\n\t\t\tletter-spacing: normal;\n\t\t\ttext-transform: none;\n\t\t\ttext-align: center;font-family: Overpass; font-style: normal; font-weight: 400;}\n\tdiv.wpcp-carousel-section#sp-wp-carousel-pro-id-5318.sp-wpcp-5318 .slick-prev,\n\tdiv.wpcp-carousel-section#sp-wp-carousel-pro-id-5318.sp-wpcp-5318 .slick-next,\n\tdiv.wpcp-carousel-section#sp-wp-carousel-pro-id-5318.sp-wpcp-5318 .slick-prev:hover,\n\tdiv.wpcp-carousel-section#sp-wp-carousel-pro-id-5318.sp-wpcp-5318 .slick-next:hover {\n\t\tbackground: none;\n\t\tborder: none;\n\t\tfont-size: 30px;\n\t}\n\tdiv.wpcp-carousel-section#sp-wp-carousel-pro-id-5318.sp-wpcp-5318 .slick-prev,\n\tdiv.wpcp-carousel-section#sp-wp-carousel-pro-id-5318.sp-wpcp-5318 .slick-next {\n\t\tcolor: #0a0a0a;\n\t}\n\tdiv.wpcp-carousel-section#sp-wp-carousel-pro-id-5318.sp-wpcp-5318 .slick-prev:hover,\n\tdiv.wpcp-carousel-section#sp-wp-carousel-pro-id-5318.sp-wpcp-5318 .slick-next:hover {\n\t\tcolor: #000000;\n\t}\n\t.wpcp-carousel-section#sp-wp-carousel-pro-id-5318.sp-wpcp-5318.nav-vertical-center {\n\t\tpadding: 0 30px;\n\t}\n\tdiv.wpcp-carousel-section#sp-wp-carousel-pro-id-5318.sp-wpcp-5318 .slick-prev {\n\t\ttext-align: left;\n\t}\n\tdiv.wpcp-carousel-section#sp-wp-carousel-pro-id-5318.sp-wpcp-5318 .slick-next {\n\t\ttext-align: right;\n\t}\n\t#sp-wp-carousel-pro-id-5318.sp-wpcp-5318.detail-with-overlay .wpcp-all-captions {\n\t\tbackground: #444;\n\t}\n\t.wpcp-carousel-section#sp-wp-carousel-pro-id-5318.sp-wpcp-5318 ul.slick-dots {\n\t\tmargin: 0px 0px 0px 0px;\n\t}\n\t.wpcp-carousel-section#sp-wp-carousel-pro-id-5318.sp-wpcp-5318 ul.slick-dots li button {\n\t\tbackground-color: rgba(0,0,0,0.2);\n\t}\n\t.wpcp-carousel-section#sp-wp-carousel-pro-id-5318.sp-wpcp-5318 ul.slick-dots li.slick-active button {\n\t\tbackground-color: #000000;\n\t}\n\t.wpcp-carousel-section#sp-wp-carousel-pro-id-5318.sp-wpcp-5318:not(.wpcp-product-carousel) .wpcp-single-item {\n\t\tborder: 0px none #ffffff;\n\t\tpadding: 0px;\n\t}\n\t\t.wpcp-carousel-wrapper.wpcp-wrapper-5318{\n\t\t\tposition: relative;\n\t\t}\n\t\t#sp-wp-carousel-pro-id-5318{\n\t\t\topacity: 0;\n\t\t}\n\t\t#wpcp-preloader-5318{\n\t\t\tposition: absolute;\n\t\t\tleft: 0;\n\t\t\ttop: 0;\n\t\t\theight: 100%;\n\t\t\twidth: 100%;\n\t\t\ttext-align: center;\n\t\t\tdisplay: flex;\n\t\t\talign-items: center;\n\t\t\tjustify-content: center;\n\t\t}\n\t\t\n\t.wpcp-carousel-section#sp-wp-carousel-pro-id-5318.sp-wpcp-5318 .slick-list{\n\t\tmargin-right: -20px;\n\t}\n\t.wpcp-carousel-section#sp-wp-carousel-pro-id-5318.sp-wpcp-5318 .slick-slide {\n\t\tmargin-right: 20px;\n\t}\n\t.wpcp-carousel-section#sp-wp-carousel-pro-id-5318.sp-wpcp-5318 .wpcp-single-item img { max-height:700px; }#sp-wp-carousel-pro-id-5318.sp-wpcp-5318 .wpcp-slide-image img,\n#sp-wp-carousel-pro-id-5318.sp-wpcp-5318.wpcp-product-carousel .wpcp-slide-image a {\n\tborder-radius: 0px;\n  }\n  #sp-wp-carousel-pro-id-5318.sp-wpcp-5318:not(.wpcp-product-carousel):not(.wpcp-content-carousel) .wpcp-single-item {\n\t  background: #ffffff;\n  }<\/style><div class=\"wpcp-carousel-wrapper wpcp-wrapper-5318\"><div id=\"wpcp-preloader-5318\" class=\"accordion-preloader\"><\/div><div id=\"sp-wp-carousel-pro-id-5318\" class=\"wpcp-carousel-section sp-wpcp-5318 wpcp-image-carousel nav-vertical-center-inner-hover wpcp-standard\" data-slick='{ \"accessibility\":true, \"centerMode\":false, \"centerPadding\": \"0px\", \"swipeToSlide\":false, \"adaptiveHeight\":false, \"arrows\":true, \"autoplay\":false, \"autoplaySpeed\":3000, \"dots\":true, \"infinite\":true, \"speed\":600, \"pauseOnHover\":true, \"slidesToScroll\":1, \"slidesToShow\":1, \"responsive\":[ { \"breakpoint\":1200, \"settings\": { \"slidesToShow\":1 } }, { \"breakpoint\":980, \"settings\":{ \"slidesToShow\":1 } }, { \"breakpoint\":736, \"settings\": { \"slidesToShow\":1, \"centerPadding\": 0 } }, {\"breakpoint\":480, \"settings\":{ \"slidesToShow\":1, \"slidesToScroll\":1, \"arrows\": true, \"dots\": false, \"centerPadding\": 0 } } ], \"rows\":1, \"rtl\":false, \"variableWidth\":false, \"fade\":true, \"lazyLoad\": \"false\", \"swipe\": true, \"draggable\": true }' data-arrowtype=\"caret\" dir=\"ltr\" dir=\"ltr\"><div class=\"wpcp-single-item\"><div class=\"wpcp-slide-image\"><img decoding=\"async\" src=\"https:\/\/atelier-sienne.fr\/wp-content\/uploads\/2024\/05\/thermographie-nez-de-plancher-768x1024.jpg\" alt=\"thermographie nez de plancher\"><\/div><div class=\"wpcp-all-captions\"><h2 class=\"wpcp-image-caption\">Pont thermique \u00e0 la jonction des planchers de chaque niveau et de la fa\u00e7ade (lignes jaunes)<\/h2><\/div><\/div><div class=\"wpcp-single-item\"><div class=\"wpcp-slide-image\"><img decoding=\"async\" src=\"https:\/\/atelier-sienne.fr\/wp-content\/uploads\/2024\/05\/thermographie-constitution-de-la-facade-768x1024.jpg\" alt=\"thermographie constitution de la facade\"><\/div><div class=\"wpcp-all-captions\"><h2 class=\"wpcp-image-caption\">Apparition de la constitution de la fa\u00e7ade et diff\u00e9rence de performance entre la fen\u00eatre du haut et la fen\u00eatre du bas<\/h2><\/div><\/div><div class=\"wpcp-single-item\"><div class=\"wpcp-slide-image\"><img decoding=\"async\" src=\"https:\/\/atelier-sienne.fr\/wp-content\/uploads\/2024\/05\/thermographie-etancheite-a-l-air-768x1024.jpg\" alt=\"thermographie etancheite a l air\"><\/div><div class=\"wpcp-all-captions\"><h2 class=\"wpcp-image-caption\">Manque d\u2019\u00e9tanch\u00e9it\u00e9 \u00e0 l\u2019air au niveau du cadre de la fen\u00eatre de toit<\/h2><\/div><\/div><div class=\"wpcp-single-item\"><div class=\"wpcp-slide-image\"><img decoding=\"async\" src=\"https:\/\/atelier-sienne.fr\/wp-content\/uploads\/2024\/05\/thermographie-constitution-du-doublage-768x1024.jpg\" alt=\"thermographie constitution du doublage\"><\/div><div class=\"wpcp-all-captions\"><h2 class=\"wpcp-image-caption\">Pont thermique au niveau du plancher (ligne bleu fonc\u00e9) et joints moins d\u00e9perditifs que les carreaux de terre cuite constituant le mur c\u00f4t\u00e9 int\u00e9rieur<\/h2><\/div><\/div><div class=\"wpcp-single-item\"><div class=\"wpcp-slide-image\"><img decoding=\"async\" src=\"https:\/\/atelier-sienne.fr\/wp-content\/uploads\/2024\/05\/thermographie-doublage-interieur-768x1024.jpg\" alt=\"thermographie doublage interieur\"><\/div><div class=\"wpcp-all-captions\"><h2 class=\"wpcp-image-caption\">Pont thermique au niveau de l\u2019ossature du doublage int\u00e9rieur du mur de fa\u00e7ade et all\u00e8ge de la fen\u00eatre non isol\u00e9e<\/h2><\/div><\/div><div class=\"wpcp-single-item\"><div class=\"wpcp-slide-image\"><img decoding=\"async\" src=\"https:\/\/atelier-sienne.fr\/wp-content\/uploads\/2024\/05\/thermographie-porte-cachee-768x1024.jpg\" alt=\"thermographie porte cachee\"><\/div><div class=\"wpcp-all-captions\"><h2 class=\"wpcp-image-caption\">Ancienne porte constituant un pont thermique dissimul\u00e9 derri\u00e8re le doublage int\u00e9rieur du mur de fa\u00e7ade<\/h2><\/div><\/div><\/div><\/div>\n","protected":false},"excerpt":{"rendered":"<p>C\u2019est quoi&nbsp;? Cette technique consiste \u00e0 capturer des images thermiques infrarouges pour visualiser les variations de temp\u00e9rature \u00e0 la surface &hellip; <a href=\"https:\/\/atelier-sienne.fr\/index.php\/thermographie\/\" class=\"more-link\">Continue reading <span class=\"screen-reader-text\">Thermographie<\/span><\/a><\/p>\n","protected":false},"author":1,"featured_media":0,"parent":0,"menu_order":0,"comment_status":"closed","ping_status":"closed","template":"","meta":{"jetpack_post_was_ever_published":false,"footnotes":""},"class_list":["post-5309","page","type-page","status-publish","hentry"],"jetpack_sharing_enabled":true,"jetpack_shortlink":"https:\/\/wp.me\/PaqDx4-1nD","_links":{"self":[{"href":"https:\/\/atelier-sienne.fr\/index.php\/wp-json\/wp\/v2\/pages\/5309","targetHints":{"allow":["GET"]}}],"collection":[{"href":"https:\/\/atelier-sienne.fr\/index.php\/wp-json\/wp\/v2\/pages"}],"about":[{"href":"https:\/\/atelier-sienne.fr\/index.php\/wp-json\/wp\/v2\/types\/page"}],"author":[{"embeddable":true,"href":"https:\/\/atelier-sienne.fr\/index.php\/wp-json\/wp\/v2\/users\/1"}],"replies":[{"embeddable":true,"href":"https:\/\/atelier-sienne.fr\/index.php\/wp-json\/wp\/v2\/comments?post=5309"}],"version-history":[{"count":8,"href":"https:\/\/atelier-sienne.fr\/index.php\/wp-json\/wp\/v2\/pages\/5309\/revisions"}],"predecessor-version":[{"id":5529,"href":"https:\/\/atelier-sienne.fr\/index.php\/wp-json\/wp\/v2\/pages\/5309\/revisions\/5529"}],"wp:attachment":[{"href":"https:\/\/atelier-sienne.fr\/index.php\/wp-json\/wp\/v2\/media?parent=5309"}],"curies":[{"name":"wp","href":"https:\/\/api.w.org\/{rel}","templated":true}]}}