{"id":5292,"date":"2024-05-01T12:46:51","date_gmt":"2024-05-01T10:46:51","guid":{"rendered":"https:\/\/atelier-sienne.fr\/?page_id=5292"},"modified":"2024-05-01T12:46:52","modified_gmt":"2024-05-01T10:46:52","slug":"la-valeur-verte-des-logements","status":"publish","type":"page","link":"https:\/\/atelier-sienne.fr\/index.php\/la-valeur-verte-des-logements\/","title":{"rendered":"La valeur verte des logements"},"content":{"rendered":"\n<div class=\"wp-block-group\"><div class=\"wp-block-group__inner-container is-layout-flow wp-block-group-is-layout-flow\">\n<div class=\"wp-block-image\"><figure class=\"alignleft size-large is-resized\"><img loading=\"lazy\" decoding=\"async\" src=\"https:\/\/atelier-sienne.fr\/wp-content\/uploads\/2021\/03\/travaux-seins-2-1024x1024.png\" alt=\"\" class=\"wp-image-4929\" width=\"363\" height=\"363\" srcset=\"https:\/\/atelier-sienne.fr\/wp-content\/uploads\/2021\/03\/travaux-seins-2-1024x1024.png 1024w, https:\/\/atelier-sienne.fr\/wp-content\/uploads\/2021\/03\/travaux-seins-2-300x300.png 300w, https:\/\/atelier-sienne.fr\/wp-content\/uploads\/2021\/03\/travaux-seins-2-150x150.png 150w, https:\/\/atelier-sienne.fr\/wp-content\/uploads\/2021\/03\/travaux-seins-2-768x768.png 768w, https:\/\/atelier-sienne.fr\/wp-content\/uploads\/2021\/03\/travaux-seins-2-1536x1536.png 1536w, https:\/\/atelier-sienne.fr\/wp-content\/uploads\/2021\/03\/travaux-seins-2-50x50.png 50w, https:\/\/atelier-sienne.fr\/wp-content\/uploads\/2021\/03\/travaux-seins-2.png 1701w\" sizes=\"auto, (max-width: 363px) 100vw, 363px\" \/><\/figure><\/div>\n\n\n\n<p class=\"has-text-align-left\"><br><strong>C\u2019est quoi\u00a0?<\/strong><br>La valeur verte d&#8217;un logement est la variation de son prix de vente en fonction de son \u00e9tiquette \u00e9nerg\u00e9tique :<br>meilleure est son \u00e9tiquette, meilleur sera son prix de vente.<br>Chaque ann\u00e9e Les Notaires de France publient une \u00e9tude statistique sur le prix de vente des logements en fonction de leur \u00e9tiquette \u00e9nerg\u00e9tique.<br><br>En 2022, la d\u00e9cote engendr\u00e9e par une \u00e9tiquette \u00e9nerg\u00e9tique plus basse s\u2019accentue encore davantage du fait\u00a0 : <br>&#8211; du gel de l\u2019augmentation des loyers des logements class\u00e9s F ou G \u00e0 partir du 25 ao\u00fbt 2022 <br>&#8211; et de l\u2019interdiction de la location des logements consommant plus de 450 kWh d\u2019\u00e9nergie finale par m\u00b2 et par an, \u00e0 compter du 1er janvier 2023 puis des logements class\u00e9s G \u00e0 compter de 2025.<br><br>Nos <a href=\"https:\/\/atelier-sienne.fr\/index.php\/audit-energetique\/\">audits \u00e9nerg\u00e9tiques<\/a> et <a href=\"https:\/\/atelier-sienne.fr\/index.php\/dae\/\">DAE<\/a> s&#8217;appuient sur cette \u00e9tude des Notaires de France pour estimer l&#8217;augmentation de la valeur du bien \u00e0 la suite d\u2019un programme travaux de r\u00e9novation thermique.<br><br>Cette plus-value est \u00e0 prendre en compte dans les avantages d\u2019un projet de travaux \u00e9nerg\u00e9tique.<br><\/p>\n<\/div><\/div>\n\n\n\n<p><br><strong>Pour en savoir plus ?<\/strong><br>Vous pouvez consulter <a rel=\"noreferrer noopener\" href=\"https:\/\/www.notaires.fr\/fr\/immobilier-fiscalite\/etudes-et-analyses-immobilieres\/performance-energetique-la-valeur-verte-des-logements\" data-type=\"URL\" data-id=\"https:\/\/www.notaires.fr\/fr\/immobilier-fiscalite\/etudes-et-analyses-immobilieres\/performance-energetique-la-valeur-verte-des-logements\" target=\"_blank\">le site des Notaires de France<\/a> pr\u00e9sentant les \u00e9tudes sur la valeur verte des logements effectu\u00e9es depuis 2014<br>Et la <a rel=\"noreferrer noopener\" href=\"https:\/\/www.notaires.fr\/fr\/actualites\/la-valeur-verte-des-logements-en-2022-et-tendances-2023\" data-type=\"URL\" data-id=\"https:\/\/www.notaires.fr\/fr\/actualites\/la-valeur-verte-des-logements-en-2022-et-tendances-2023\" target=\"_blank\">derni\u00e8re \u00e9tude parue sur les ventes de logements en 2022<\/a><\/p>\n\n\n\n<div>\n<a href=\"https:\/\/www.calameo.com\/books\/005125198d0deb50289d8\" target=\"_blank\" rel=\"noopener\">Etude 2022 sur la valeur verte des logements<\/a>\n<\/div>\n<iframe loading=\"lazy\" src=\"\/\/v.calameo.com\/?bkcode=005125198d0deb50289d8\" width=\"1200\" height=\"800\" frameborder=\"0\" scrolling=\"no\" allowtransparency allowfullscreen style=\"margin:0 auto;\">\n<\/iframe>\n","protected":false},"excerpt":{"rendered":"<p>C\u2019est quoi\u00a0?La valeur verte d&#8217;un logement est la variation de son prix de vente en fonction de son \u00e9tiquette \u00e9nerg\u00e9tique &hellip; <a href=\"https:\/\/atelier-sienne.fr\/index.php\/la-valeur-verte-des-logements\/\" class=\"more-link\">Continue reading <span class=\"screen-reader-text\">La valeur verte des logements<\/span><\/a><\/p>\n","protected":false},"author":1,"featured_media":0,"parent":0,"menu_order":0,"comment_status":"closed","ping_status":"closed","template":"","meta":{"jetpack_post_was_ever_published":false,"footnotes":""},"class_list":["post-5292","page","type-page","status-publish","hentry"],"jetpack_sharing_enabled":true,"jetpack_shortlink":"https:\/\/wp.me\/PaqDx4-1nm","_links":{"self":[{"href":"https:\/\/atelier-sienne.fr\/index.php\/wp-json\/wp\/v2\/pages\/5292","targetHints":{"allow":["GET"]}}],"collection":[{"href":"https:\/\/atelier-sienne.fr\/index.php\/wp-json\/wp\/v2\/pages"}],"about":[{"href":"https:\/\/atelier-sienne.fr\/index.php\/wp-json\/wp\/v2\/types\/page"}],"author":[{"embeddable":true,"href":"https:\/\/atelier-sienne.fr\/index.php\/wp-json\/wp\/v2\/users\/1"}],"replies":[{"embeddable":true,"href":"https:\/\/atelier-sienne.fr\/index.php\/wp-json\/wp\/v2\/comments?post=5292"}],"version-history":[{"count":15,"href":"https:\/\/atelier-sienne.fr\/index.php\/wp-json\/wp\/v2\/pages\/5292\/revisions"}],"predecessor-version":[{"id":5307,"href":"https:\/\/atelier-sienne.fr\/index.php\/wp-json\/wp\/v2\/pages\/5292\/revisions\/5307"}],"wp:attachment":[{"href":"https:\/\/atelier-sienne.fr\/index.php\/wp-json\/wp\/v2\/media?parent=5292"}],"curies":[{"name":"wp","href":"https:\/\/api.w.org\/{rel}","templated":true}]}}