{"id":5285,"date":"2024-04-25T00:17:07","date_gmt":"2024-04-24T22:17:07","guid":{"rendered":"https:\/\/atelier-sienne.fr\/?page_id=5285"},"modified":"2024-09-02T16:40:46","modified_gmt":"2024-09-02T14:40:46","slug":"dpe","status":"publish","type":"page","link":"https:\/\/atelier-sienne.fr\/index.php\/dpe\/","title":{"rendered":"DPE"},"content":{"rendered":"\n<div class=\"wp-block-group\"><div class=\"wp-block-group__inner-container is-layout-flow wp-block-group-is-layout-flow\">\n<div class=\"wp-block-group\"><div class=\"wp-block-group__inner-container is-layout-flow wp-block-group-is-layout-flow\">\n<div class=\"wp-block-image\"><figure class=\"alignleft size-large is-resized\"><img loading=\"lazy\" decoding=\"async\" src=\"https:\/\/atelier-sienne.fr\/wp-content\/uploads\/2024\/05\/dpe-5-1024x1024.png\" alt=\"\" class=\"wp-image-5366\" width=\"209\" height=\"209\" srcset=\"https:\/\/atelier-sienne.fr\/wp-content\/uploads\/2024\/05\/dpe-5-1024x1024.png 1024w, https:\/\/atelier-sienne.fr\/wp-content\/uploads\/2024\/05\/dpe-5-300x300.png 300w, https:\/\/atelier-sienne.fr\/wp-content\/uploads\/2024\/05\/dpe-5-150x150.png 150w, https:\/\/atelier-sienne.fr\/wp-content\/uploads\/2024\/05\/dpe-5-768x768.png 768w, https:\/\/atelier-sienne.fr\/wp-content\/uploads\/2024\/05\/dpe-5-116x116.png 116w, https:\/\/atelier-sienne.fr\/wp-content\/uploads\/2024\/05\/dpe-5-50x50.png 50w, https:\/\/atelier-sienne.fr\/wp-content\/uploads\/2024\/05\/dpe-5.png 1401w\" sizes=\"auto, (max-width: 209px) 100vw, 209px\" \/><figcaption><em>Logo des \u00e9tiquettes \u00e9nerg\u00e9tiques<\/em> <em><strong>\u00a9<\/strong>\u00a0Paul Dussud<\/em><\/figcaption><\/figure><\/div>\n\n\n\n<p class=\"has-text-align-left\" id=\"block-2519343b-aa15-4770-b43f-6f459626025e\"><br><strong>C&#8217;est quoi ?<\/strong><br>L&#8217;audit \u00e9nerg\u00e9tique&nbsp;et&nbsp;le DPE&nbsp;sont deux dispositifs diff\u00e9rents et compl\u00e9mentaires. Le DPE, Diagnostic de Performance \u00c9nerg\u00e9tique, est effectu\u00e9 par un diagnostiqueur immobilier. <strong>L\u2019Atelier Sienne n\u2019est pas habilit\u00e9 \u00e0 r\u00e9aliser cette mission<\/strong>. <br>C\u2019est un des diagnostics obligatoires en cas de vente ou location d\u2019un logement. Il sert \u00e0 renseigner les potentiel acheteurs ou locataires d\u2019un bien sur sa performance \u00e9nerg\u00e9tique, en \u00e9valuant sa consommation d&#8217;\u00e9nergie et son impact en termes d&#8217;\u00e9mission de gaz \u00e0 effet de serre (\u00e9tiquettes A \u00e0 G). <br>Il estime \u00e9galement sa facture \u00e9nerg\u00e9tique et recommande la r\u00e9alisation de travaux pour am\u00e9liorer la performance du bien. <br>Le DPE est valable 10ans. Les DPE r\u00e9alis\u00e9s entre le 1<sup>er<\/sup>&nbsp;janvier 2013 et le 31 d\u00e9cembre 2017 ne sont plus valables depuis le 1<sup>er<\/sup>&nbsp;janvier 2023. Ceux r\u00e9alis\u00e9s entre le 1<sup>er<\/sup>&nbsp;janvier 2018 et le 30 juin 2021 restent valables jusqu&#8217;au 31 d\u00e9cembre 2024.<br><br>Les biens class\u00e9s F ou G font progressivement l\u2019objet de dispositions : <br>&#8211; Obligation de r\u00e9aliser un audit \u00e9nerg\u00e9tique pour toutes les ventes de maisons individuelles et de b\u00e2timents d\u2019habitation collective en monopropri\u00e9t\u00e9 (\u00e0 partir du 1er avril 2023) class\u00e9s F ou G. <br>&#8211; Gel de l\u2019augmentation des loyers des logements class\u00e9s F ou G (\u00e0 partir du 25 ao\u00fbt 2022). <br>&#8211; Interdiction de la location des logements peu performants \u00e9nerg\u00e9tiquement&nbsp;: <br>\u2022 les logements consommant plus de 450 kWh d\u2019\u00e9nergie finale par m\u00b2 et par an, \u00e0 compter du 1er janvier 2023<br>\u2022 les logements class\u00e9s G \u00e0 compter de 2025 <br>\u2022 les logements class\u00e9s F \u00e0 compter de 2028 <br>\u2022 les logements class\u00e9s E \u00e0 compter de 2034<br><\/p>\n<\/div><\/div>\n\n\n\n<div class=\"wp-block-group is-layout-flow wp-block-group-is-layout-flow\"><div class=\"wp-block-group__inner-container\"><\/div><\/div>\n<\/div><\/div>\n\n\n\n<p><strong>Comment&nbsp;?<\/strong><br>En vous adressant \u00e0 un diagnostiqueur certifi\u00e9, ind\u00e9pendant et ayant souscrit \u00e0 une assurance.<\/p>\n\n\n\n<p><strong>A quel prix&nbsp;?<\/strong><br>Le prix du DPE n&#8217;est pas r\u00e9glement\u00e9, le tarif peut donc varier d&#8217;un professionnel \u00e0 un autre. N\u00e9anmoins le prix est g\u00e9n\u00e9ralement de quelques centaines d\u2019euros<strong>.&nbsp;<\/strong>Il&nbsp;d\u00e9pend de plusieurs facteurs :<br>\u2022 Le&nbsp;<strong>type<\/strong>&nbsp;de logement (appartement, maison\u2026)<br>\u2022 La&nbsp;<strong>surface&nbsp;<\/strong>du logement<br>\u2022 La <strong>qualit\u00e9<\/strong> et fiabilit\u00e9 du DPE r\u00e9alis\u00e9<br><\/p>\n\n\n\n<p><strong>Pour en savoir plus ?<\/strong><br>Vous pouvez consulter <a rel=\"noreferrer noopener\" href=\"https:\/\/www.ecologie.gouv.fr\/diagnostic-performance-energetique-dpe\" data-type=\"URL\" data-id=\"https:\/\/www.ecologie.gouv.fr\/diagnostic-performance-energetique-dpe\" target=\"_blank\">le site du gouvernement au sujet du DPE<\/a><\/p>\n","protected":false},"excerpt":{"rendered":"<p>C&#8217;est quoi ?L&#8217;audit \u00e9nerg\u00e9tique&nbsp;et&nbsp;le DPE&nbsp;sont deux dispositifs diff\u00e9rents et compl\u00e9mentaires. Le DPE, Diagnostic de Performance \u00c9nerg\u00e9tique, est effectu\u00e9 par un &hellip; <a href=\"https:\/\/atelier-sienne.fr\/index.php\/dpe\/\" class=\"more-link\">Continue reading <span class=\"screen-reader-text\">DPE<\/span><\/a><\/p>\n","protected":false},"author":1,"featured_media":0,"parent":0,"menu_order":0,"comment_status":"closed","ping_status":"closed","template":"","meta":{"jetpack_post_was_ever_published":false,"footnotes":""},"class_list":["post-5285","page","type-page","status-publish","hentry"],"jetpack_sharing_enabled":true,"jetpack_shortlink":"https:\/\/wp.me\/PaqDx4-1nf","_links":{"self":[{"href":"https:\/\/atelier-sienne.fr\/index.php\/wp-json\/wp\/v2\/pages\/5285","targetHints":{"allow":["GET"]}}],"collection":[{"href":"https:\/\/atelier-sienne.fr\/index.php\/wp-json\/wp\/v2\/pages"}],"about":[{"href":"https:\/\/atelier-sienne.fr\/index.php\/wp-json\/wp\/v2\/types\/page"}],"author":[{"embeddable":true,"href":"https:\/\/atelier-sienne.fr\/index.php\/wp-json\/wp\/v2\/users\/1"}],"replies":[{"embeddable":true,"href":"https:\/\/atelier-sienne.fr\/index.php\/wp-json\/wp\/v2\/comments?post=5285"}],"version-history":[{"count":8,"href":"https:\/\/atelier-sienne.fr\/index.php\/wp-json\/wp\/v2\/pages\/5285\/revisions"}],"predecessor-version":[{"id":5526,"href":"https:\/\/atelier-sienne.fr\/index.php\/wp-json\/wp\/v2\/pages\/5285\/revisions\/5526"}],"wp:attachment":[{"href":"https:\/\/atelier-sienne.fr\/index.php\/wp-json\/wp\/v2\/media?parent=5285"}],"curies":[{"name":"wp","href":"https:\/\/api.w.org\/{rel}","templated":true}]}}