{"id":5209,"date":"2024-04-24T23:24:51","date_gmt":"2024-04-24T21:24:51","guid":{"rendered":"https:\/\/atelier-sienne.fr\/?page_id=5209"},"modified":"2024-09-02T16:43:54","modified_gmt":"2024-09-02T14:43:54","slug":"audit-energetique","status":"publish","type":"page","link":"https:\/\/atelier-sienne.fr\/index.php\/audit-energetique\/","title":{"rendered":"Audit \u00e9nerg\u00e9tique"},"content":{"rendered":"\n<div class=\"wp-block-group\"><div class=\"wp-block-group__inner-container is-layout-flow wp-block-group-is-layout-flow\">\n<div class=\"wp-block-group\"><div class=\"wp-block-group__inner-container is-layout-flow wp-block-group-is-layout-flow\">\n<div class=\"wp-block-image\"><figure class=\"alignright size-large is-resized\"><img loading=\"lazy\" decoding=\"async\" src=\"https:\/\/atelier-sienne.fr\/wp-content\/uploads\/2024\/04\/audit-energetique-1024x790.png\" alt=\"\" class=\"wp-image-5241\" width=\"519\" height=\"399\" srcset=\"https:\/\/atelier-sienne.fr\/wp-content\/uploads\/2024\/04\/audit-energetique-1024x790.png 1024w, https:\/\/atelier-sienne.fr\/wp-content\/uploads\/2024\/04\/audit-energetique-300x231.png 300w, https:\/\/atelier-sienne.fr\/wp-content\/uploads\/2024\/04\/audit-energetique-768x592.png 768w, https:\/\/atelier-sienne.fr\/wp-content\/uploads\/2024\/04\/audit-energetique-1536x1185.png 1536w, https:\/\/atelier-sienne.fr\/wp-content\/uploads\/2024\/04\/audit-energetique-2048x1580.png 2048w, https:\/\/atelier-sienne.fr\/wp-content\/uploads\/2024\/04\/audit-energetique-150x116.png 150w\" sizes=\"auto, (max-width: 519px) 100vw, 519px\" \/><figcaption><em>Illustration<\/em> <em><strong>\u00a9<\/strong>\u00a0Paul Dussud<\/em><\/figcaption><\/figure><\/div>\n\n\n\n<p class=\"has-text-align-left\" id=\"block-2519343b-aa15-4770-b43f-6f459626025e\"><br><br><strong>C&#8217;est quoi ?<\/strong><br>C\u2019est un document plus complet et d\u00e9taill\u00e9 que le <a href=\"https:\/\/atelier-sienne.fr\/index.php\/dpe\/\" data-type=\"URL\" data-id=\"https:\/\/atelier-sienne.fr\/index.php\/dpe\/\">DPE<\/a> qui pr\u00e9sente des programmes de travaux pour am\u00e9liorer le bien audit\u00e9, en pr\u00e9cisant notamment les prix \u00e0 pr\u00e9voir et les aides mobilisables. Il apporte&nbsp;des r\u00e9ponses pr\u00e9cises quant aux travaux \u00e0 envisager pour&nbsp;am\u00e9liorer l&#8217;efficacit\u00e9 \u00e9nerg\u00e9tique de votre bien. Il conditionne l\u2019obtention de certaines aides comme MaPrimeR\u00e9nov\u2019 ou l\u2019Eco-Pr\u00eat \u00e0 Taux Z\u00e9ro.<br><br>La r\u00e9alisation d\u2019un audit \u00e9nerg\u00e9tique devient progressivement obligatoire \u00e0 la vente des logements class\u00e9s D, E, F et G en monopropri\u00e9t\u00e9.<br><br>Le calendrier de mise en \u0153uvre de cette obligation est le suivant :<br>&#8211; 1er avril 2023 pour les logements de classes F ou G<br>&#8211; 1er janvier 2025 pour les logements de classe E<br>&#8211; 1er janvier 2034 pour les logements de classe D<br><br>L\u2019audit \u00e9nerg\u00e9tique est valide 5ans. Il ne remplace pas le <a href=\"https:\/\/atelier-sienne.fr\/index.php\/dpe\/\" data-type=\"URL\" data-id=\"https:\/\/atelier-sienne.fr\/index.php\/dpe\/\">DPE<\/a>.<br><\/p>\n<\/div><\/div>\n\n\n\n<div class=\"wp-block-group\"><div class=\"wp-block-group__inner-container is-layout-flow wp-block-group-is-layout-flow\">\n<p><strong><strong>Pour vous&nbsp;?<\/strong> <\/strong><br>\u2022 Si vous envisagez des travaux de r\u00e9novation \u00e9nerg\u00e9tique globale<br>\u2022 Et que vous vous souciez de l\u2019impact \u00e9cologique de votre habitation<br>\u2022 Ou que vous avez trop froid en hiver ou trop chaud en \u00e9t\u00e9<br>\u2022 Ou que votre facture \u00e9nerg\u00e9tique est trop \u00e9lev\u00e9e<br>\u2022 Ou que vous souhaitez am\u00e9liorer <a href=\"https:\/\/atelier-sienne.fr\/index.php\/la-valeur-verte-des-logements\/\" data-type=\"URL\" data-id=\"https:\/\/atelier-sienne.fr\/index.php\/la-valeur-verte-des-logements\/\">la valeur verte<\/a> de votre bien<\/p>\n<\/div><\/div>\n<\/div><\/div>\n\n\n\n<p><strong>Comment&nbsp;?<\/strong><br>Apr\u00e8s un premier entretien t\u00e9l\u00e9phonique, un architecte de l\u2019Atelier Sienne \u00e9tudie la situation de votre bien puis se d\u00e9place chez vous pour un rendez-vous comprenant un \u00e9change sur votre situation et un relev\u00e9 technique. Nous dressons ensuite le bilan \u00e9nerg\u00e9tique de votre bien. Ce travail permet de cibler les types d\u2019\u00e9l\u00e9ments constructif les plus d\u00e9perditifs et la puissance de chauffage th\u00e9orique n\u00e9cessaire pour chauffer votre bien. Le moteur de calcul est le m\u00eame que celui pour effectuer un <a href=\"https:\/\/atelier-sienne.fr\/index.php\/dpe\/\" data-type=\"URL\" data-id=\"https:\/\/atelier-sienne.fr\/index.php\/dpe\/\">DPE<\/a>. Avec ces informations et le contenu de nos \u00e9changes pr\u00e9c\u00e9dents, nous mettons au point deux programmes de travaux \u00e9nerg\u00e9tiques&nbsp;: l\u2019un r\u00e9duit d\u2019au moins 35% les pertes \u00e9nerg\u00e9tiques de votre bien, l\u2019autre lui permet d\u2019atteindre une classe \u00e9nerg\u00e9tique A ou B (b\u00e2timent basse consommation).<br>Enfin, nous vous pr\u00e9sentons le rapport d\u2019audit lors d\u2019un rendez-vous en visioconf\u00e9rence et vous le transmettons au format pdf.<\/p>\n\n\n\n<p><strong>A quel prix&nbsp;?<\/strong><br>A partir de 1500\u20acttc<br>En option :<br>\u2022 Etude du PLU<br>\u2022 <a href=\"https:\/\/atelier-sienne.fr\/index.php\/thermographie\/\" data-type=\"URL\" data-id=\"https:\/\/atelier-sienne.fr\/index.php\/thermographie\/\">Thermographie<\/a><br>\u2022 Consultation de l\u2019ABF (Architecte des B\u00e2timents de France)<br>Suivant votre revenu fiscal de r\u00e9f\u00e9rence et la localisation de votre bien, des aides sur l\u2019audit \u00e9nerg\u00e9tique peuvent \u00eatre mobilisables.<\/p>\n\n\n\n<p><strong>Pour en savoir plus ?<\/strong><br>Vous pouvez consulter :<br>\u2022 Le site du <a rel=\"noreferrer noopener\" href=\"https:\/\/www.service-public.fr\/particuliers\/vosdroits\/F37110\" data-type=\"URL\" data-id=\"https:\/\/www.service-public.fr\/particuliers\/vosdroits\/F37110\" target=\"_blank\">service public concernant l\u2019audit \u00e9nerg\u00e9tique<\/a>  <br>\u2022 Le <a rel=\"noreferrer noopener\" href=\"https:\/\/alec-ouest-essonne.fr\/wp-content\/uploads\/Guide-aides-MI.pdf\" data-type=\"URL\" data-id=\"https:\/\/alec-ouest-essonne.fr\/wp-content\/uploads\/Guide-aides-MI.pdf\" target=\"_blank\">guide des aides \u00e0 la r\u00e9novation \u00e9nerg\u00e9tique pour les particuliers<\/a>, \u00e9dit\u00e9 et mis \u00e0 jour r\u00e9guli\u00e8rement par l&#8217;ALEC Ouest Essonne. Attention, il pr\u00e9sente les aides nationales mais aussi les aides sp\u00e9cifiques au d\u00e9partement du 91.<\/p>\n\n\n\n<p><strong>Par exemple&nbsp;?<\/strong><br>Voici des extraits d\u2019audits \u00e9nerg\u00e9tiques que nous avons r\u00e9alis\u00e9s :<\/p>\n\n\n<style>#sp-wp-carousel-pro-id-5251.sp-wpcp-5251 .wpcp-all-captions .wpcp-image-caption {\n\t\tcolor: #333;\n\t\tfont-size: 15px;\n\t\tline-height: 23px;\n\t\tletter-spacing: normal;\n\t\ttext-transform: capitalize;\n\t\ttext-align: center;font-family: Overpass; font-style: normal; font-weight: 400;}\n\t\t#sp-wp-carousel-pro-id-5251.sp-wpcp-5251 .wpcp-all-captions .wpcp-image-description {\n\t\t\tcolor: #333;\n\t\t\tfont-size: 14px;\n\t\t\tline-height: 21px;\n\t\t\tletter-spacing: normal;\n\t\t\ttext-transform: none;\n\t\t\ttext-align: center;font-family: Overpass; font-style: normal; font-weight: 400;}\n\tdiv.wpcp-carousel-section#sp-wp-carousel-pro-id-5251.sp-wpcp-5251 .slick-prev,\n\tdiv.wpcp-carousel-section#sp-wp-carousel-pro-id-5251.sp-wpcp-5251 .slick-next,\n\tdiv.wpcp-carousel-section#sp-wp-carousel-pro-id-5251.sp-wpcp-5251 .slick-prev:hover,\n\tdiv.wpcp-carousel-section#sp-wp-carousel-pro-id-5251.sp-wpcp-5251 .slick-next:hover {\n\t\tbackground: none;\n\t\tborder: none;\n\t\tfont-size: 30px;\n\t}\n\tdiv.wpcp-carousel-section#sp-wp-carousel-pro-id-5251.sp-wpcp-5251 .slick-prev,\n\tdiv.wpcp-carousel-section#sp-wp-carousel-pro-id-5251.sp-wpcp-5251 .slick-next {\n\t\tcolor: #0a0a0a;\n\t}\n\tdiv.wpcp-carousel-section#sp-wp-carousel-pro-id-5251.sp-wpcp-5251 .slick-prev:hover,\n\tdiv.wpcp-carousel-section#sp-wp-carousel-pro-id-5251.sp-wpcp-5251 .slick-next:hover {\n\t\tcolor: #000000;\n\t}\n\t.wpcp-carousel-section#sp-wp-carousel-pro-id-5251.sp-wpcp-5251.nav-vertical-center {\n\t\tpadding: 0 30px;\n\t}\n\tdiv.wpcp-carousel-section#sp-wp-carousel-pro-id-5251.sp-wpcp-5251 .slick-prev {\n\t\ttext-align: left;\n\t}\n\tdiv.wpcp-carousel-section#sp-wp-carousel-pro-id-5251.sp-wpcp-5251 .slick-next {\n\t\ttext-align: right;\n\t}\n\t#sp-wp-carousel-pro-id-5251.sp-wpcp-5251.detail-with-overlay .wpcp-all-captions {\n\t\tbackground: #444;\n\t}\n\t.wpcp-carousel-section#sp-wp-carousel-pro-id-5251.sp-wpcp-5251 ul.slick-dots {\n\t\tmargin: 0px 0px 0px 0px;\n\t}\n\t.wpcp-carousel-section#sp-wp-carousel-pro-id-5251.sp-wpcp-5251 ul.slick-dots li button {\n\t\tbackground-color: rgba(0,0,0,0.2);\n\t}\n\t.wpcp-carousel-section#sp-wp-carousel-pro-id-5251.sp-wpcp-5251 ul.slick-dots li.slick-active button {\n\t\tbackground-color: #000000;\n\t}\n\t.wpcp-carousel-section#sp-wp-carousel-pro-id-5251.sp-wpcp-5251:not(.wpcp-product-carousel) .wpcp-single-item {\n\t\tborder: 0px none #ffffff;\n\t\tpadding: 0px;\n\t}\n\t\t.wpcp-carousel-wrapper.wpcp-wrapper-5251{\n\t\t\tposition: relative;\n\t\t}\n\t\t#sp-wp-carousel-pro-id-5251{\n\t\t\topacity: 0;\n\t\t}\n\t\t#wpcp-preloader-5251{\n\t\t\tposition: absolute;\n\t\t\tleft: 0;\n\t\t\ttop: 0;\n\t\t\theight: 100%;\n\t\t\twidth: 100%;\n\t\t\ttext-align: center;\n\t\t\tdisplay: flex;\n\t\t\talign-items: center;\n\t\t\tjustify-content: center;\n\t\t}\n\t\t\n\t.wpcp-carousel-section#sp-wp-carousel-pro-id-5251.sp-wpcp-5251 .slick-list{\n\t\tmargin-right: -20px;\n\t}\n\t.wpcp-carousel-section#sp-wp-carousel-pro-id-5251.sp-wpcp-5251 .slick-slide {\n\t\tmargin-right: 20px;\n\t}\n\t.wpcp-carousel-section#sp-wp-carousel-pro-id-5251.sp-wpcp-5251 .wpcp-single-item img { max-height:700px; }#sp-wp-carousel-pro-id-5251.sp-wpcp-5251 .wpcp-slide-image img,\n#sp-wp-carousel-pro-id-5251.sp-wpcp-5251.wpcp-product-carousel .wpcp-slide-image a {\n\tborder-radius: 0px;\n  }\n  #sp-wp-carousel-pro-id-5251.sp-wpcp-5251:not(.wpcp-product-carousel):not(.wpcp-content-carousel) .wpcp-single-item {\n\t  background: #ffffff;\n  }<\/style><div class=\"wpcp-carousel-wrapper wpcp-wrapper-5251\"><div id=\"wpcp-preloader-5251\" class=\"accordion-preloader\"><\/div><div id=\"sp-wp-carousel-pro-id-5251\" class=\"wpcp-carousel-section sp-wpcp-5251 wpcp-image-carousel nav-vertical-center-inner-hover wpcp-standard\" data-slick='{ \"accessibility\":true, \"centerMode\":false, \"centerPadding\": \"0px\", \"swipeToSlide\":false, \"adaptiveHeight\":false, \"arrows\":true, \"autoplay\":false, \"autoplaySpeed\":3000, \"dots\":true, \"infinite\":true, \"speed\":600, \"pauseOnHover\":true, \"slidesToScroll\":1, \"slidesToShow\":1, \"responsive\":[ { \"breakpoint\":1200, \"settings\": { \"slidesToShow\":1 } }, { \"breakpoint\":980, \"settings\":{ \"slidesToShow\":1 } }, { \"breakpoint\":736, \"settings\": { \"slidesToShow\":1, \"centerPadding\": 0 } }, {\"breakpoint\":480, \"settings\":{ \"slidesToShow\":1, \"slidesToScroll\":1, \"arrows\": true, \"dots\": false, \"centerPadding\": 0 } } ], \"rows\":1, \"rtl\":false, \"variableWidth\":false, \"fade\":true, \"lazyLoad\": \"false\", \"swipe\": true, \"draggable\": true }' data-arrowtype=\"caret\" dir=\"ltr\" dir=\"ltr\"><div class=\"wpcp-single-item\"><div class=\"wpcp-slide-image\"><img decoding=\"async\" src=\"https:\/\/atelier-sienne.fr\/wp-content\/uploads\/2024\/04\/releve-des-elements-deperditifs.png\" alt=\"releve des elements deperditifs\"><\/div><div class=\"wpcp-all-captions\"><h2 class=\"wpcp-image-caption\">Description des \u00e9l\u00e9ments d\u00e9perditifs<\/h2><\/div><\/div><div class=\"wpcp-single-item\"><div class=\"wpcp-slide-image\"><img decoding=\"async\" src=\"https:\/\/atelier-sienne.fr\/wp-content\/uploads\/2024\/04\/releve-des-equipements.png\" alt=\"releve des equipements\"><\/div><div class=\"wpcp-all-captions\"><h2 class=\"wpcp-image-caption\">Description des syst\u00e8mes et \u00e9quipements<\/h2><\/div><\/div><div class=\"wpcp-single-item\"><div class=\"wpcp-slide-image\"><img decoding=\"async\" src=\"https:\/\/atelier-sienne.fr\/wp-content\/uploads\/2024\/04\/bilan-energetique.png\" alt=\"bilan energetique\"><\/div><div class=\"wpcp-all-captions\"><h2 class=\"wpcp-image-caption\">Bilan \u00e9nerg\u00e9tique de l'\u00e9tat initial<\/h2><\/div><\/div><div class=\"wpcp-single-item\"><div class=\"wpcp-slide-image\"><img decoding=\"async\" src=\"https:\/\/atelier-sienne.fr\/wp-content\/uploads\/2024\/04\/scenario-de-travaux-energetique.png\" alt=\"sc\u00e9nario de travaux energetique\"><\/div><div class=\"wpcp-all-captions\"><h2 class=\"wpcp-image-caption\">Pr\u00e9sentation d'un programme de travaux<\/h2><\/div><\/div><div class=\"wpcp-single-item\"><div class=\"wpcp-slide-image\"><img decoding=\"async\" src=\"https:\/\/atelier-sienne.fr\/wp-content\/uploads\/2024\/04\/exemple-de-poste-de-travaux.png\" alt=\"exemple de poste de travaux\"><\/div><div class=\"wpcp-all-captions\"><h2 class=\"wpcp-image-caption\">Extrait du d\u00e9tail d'un programme de travaux<\/h2><\/div><\/div><div class=\"wpcp-single-item\"><div class=\"wpcp-slide-image\"><img decoding=\"async\" src=\"https:\/\/atelier-sienne.fr\/wp-content\/uploads\/2024\/04\/bilan-apres-travaux.png\" alt=\"bilan apres travaux\"><\/div><div class=\"wpcp-all-captions\"><h2 class=\"wpcp-image-caption\">Bilan \u00e9nerg\u00e9tique apr\u00e8s travaux<\/h2><\/div><\/div><div class=\"wpcp-single-item\"><div class=\"wpcp-slide-image\"><img decoding=\"async\" src=\"https:\/\/atelier-sienne.fr\/wp-content\/uploads\/2024\/04\/bilan-bugetaire-et-aides.png\" alt=\"bilan bugetaire et aides\"><\/div><div class=\"wpcp-all-captions\"><h2 class=\"wpcp-image-caption\">R\u00e9capitulatif budg\u00e9taire<\/h2><\/div><\/div><\/div><\/div>\n","protected":false},"excerpt":{"rendered":"<p>C&#8217;est quoi ?C\u2019est un document plus complet et d\u00e9taill\u00e9 que le DPE qui pr\u00e9sente des programmes de travaux pour am\u00e9liorer &hellip; <a href=\"https:\/\/atelier-sienne.fr\/index.php\/audit-energetique\/\" class=\"more-link\">Continue reading <span class=\"screen-reader-text\">Audit \u00e9nerg\u00e9tique<\/span><\/a><\/p>\n","protected":false},"author":1,"featured_media":0,"parent":0,"menu_order":0,"comment_status":"closed","ping_status":"closed","template":"","meta":{"jetpack_post_was_ever_published":false,"footnotes":""},"class_list":["post-5209","page","type-page","status-publish","hentry"],"jetpack_sharing_enabled":true,"jetpack_shortlink":"https:\/\/wp.me\/PaqDx4-1m1","_links":{"self":[{"href":"https:\/\/atelier-sienne.fr\/index.php\/wp-json\/wp\/v2\/pages\/5209","targetHints":{"allow":["GET"]}}],"collection":[{"href":"https:\/\/atelier-sienne.fr\/index.php\/wp-json\/wp\/v2\/pages"}],"about":[{"href":"https:\/\/atelier-sienne.fr\/index.php\/wp-json\/wp\/v2\/types\/page"}],"author":[{"embeddable":true,"href":"https:\/\/atelier-sienne.fr\/index.php\/wp-json\/wp\/v2\/users\/1"}],"replies":[{"embeddable":true,"href":"https:\/\/atelier-sienne.fr\/index.php\/wp-json\/wp\/v2\/comments?post=5209"}],"version-history":[{"count":16,"href":"https:\/\/atelier-sienne.fr\/index.php\/wp-json\/wp\/v2\/pages\/5209\/revisions"}],"predecessor-version":[{"id":5530,"href":"https:\/\/atelier-sienne.fr\/index.php\/wp-json\/wp\/v2\/pages\/5209\/revisions\/5530"}],"wp:attachment":[{"href":"https:\/\/atelier-sienne.fr\/index.php\/wp-json\/wp\/v2\/media?parent=5209"}],"curies":[{"name":"wp","href":"https:\/\/api.w.org\/{rel}","templated":true}]}}