{"id":5196,"date":"2024-04-24T23:28:05","date_gmt":"2024-04-24T21:28:05","guid":{"rendered":"https:\/\/atelier-sienne.fr\/?page_id=5196"},"modified":"2024-04-24T23:28:06","modified_gmt":"2024-04-24T21:28:06","slug":"visite-conseil","status":"publish","type":"page","link":"https:\/\/atelier-sienne.fr\/index.php\/visite-conseil\/","title":{"rendered":"Visite conseil"},"content":{"rendered":"\n<div class=\"wp-block-image\"><figure class=\"alignleft size-large is-resized\"><img loading=\"lazy\" decoding=\"async\" src=\"https:\/\/atelier-sienne.fr\/wp-content\/uploads\/2024\/04\/clarte-C-1024x813.png\" alt=\"\" class=\"wp-image-5202\" width=\"276\" height=\"218\" srcset=\"https:\/\/atelier-sienne.fr\/wp-content\/uploads\/2024\/04\/clarte-C-1024x813.png 1024w, https:\/\/atelier-sienne.fr\/wp-content\/uploads\/2024\/04\/clarte-C-300x238.png 300w, https:\/\/atelier-sienne.fr\/wp-content\/uploads\/2024\/04\/clarte-C-768x610.png 768w, https:\/\/atelier-sienne.fr\/wp-content\/uploads\/2024\/04\/clarte-C-146x116.png 146w, https:\/\/atelier-sienne.fr\/wp-content\/uploads\/2024\/04\/clarte-C.png 1488w\" sizes=\"auto, (max-width: 276px) 100vw, 276px\" \/><\/figure><\/div>\n\n\n\n<p><strong>C&#8217;est quoi ?<\/strong><br>C\u2019est la 1\u00e8re \u00e9tape de votre projet.<br>Elle vous permet de vous rendre compte de ce qui est faisable et d\u2019obtenir des nouvelles id\u00e9es pour r\u00e9pondre \u00e0 votre besoin. <br>C\u2019est aussi l\u2019opportunit\u00e9 de faire le point sur votre habitation et d\u2019int\u00e9grer \u00e0 vos travaux la r\u00e9solution des probl\u00e9matiques existantes (humidit\u00e9, impression de manque d\u2019espace ou de lumi\u00e8re, inconfort thermique\u2026). <br>Elle vous permet de : <br>\u2022 b\u00e9n\u00e9ficier d&#8217;un avis sur la faisabilit\u00e9 technique de votre projet<br>\u2022 connaitre les contraintes r\u00e8glementaires locales auquel votre projet est soumis<br>\u2022 anticiper les principaux d\u00e9lais \u00e0 pr\u00e9voir<br>\u2022 v\u00e9rifier si votre budget est adapt\u00e9 aux travaux que vous envisagez,<br><\/p>\n\n\n\n<p><strong>Comment&nbsp;?<\/strong><br>A la suite d\u2019un premier entretien t\u00e9l\u00e9phonique, vous nous transmettrez tous les documents en votre possession qui nous permettrons de connaitre votre bien avant m\u00eame de l\u2019avoir visit\u00e9. Un architecte de l\u2019Atelier Sienne \u00e9tudie la situation de votre bien puis se d\u00e9place chez vous pour un rendez-vous d\u2019environ 1h30. Il comprend : <br>\u2022 le diagnostic visuel de votre bien<br>\u2022 un \u00e9change sur vos besoins et vos souhaits<br>\u2022 l&#8217;exploration des solutions<br>\u2022 la d\u00e9finition des ordres de grandeurs du prix des travaux \u00e9voqu\u00e9s et des d\u00e9lais \u00e0 pr\u00e9voir<br>Par la suite, vous recevez la synth\u00e8se de visite conseil, qui r\u00e9capitule les sujets abord\u00e9s, par mail au format .pdf.<\/p>\n\n\n\n<p><strong>A quel prix&nbsp;?<\/strong><br>\u00e0 partir de 360 \u20ac TTC par visite<\/p>\n","protected":false},"excerpt":{"rendered":"<p>C&#8217;est quoi ?C\u2019est la 1\u00e8re \u00e9tape de votre projet.Elle vous permet de vous rendre compte de ce qui est faisable &hellip; <a href=\"https:\/\/atelier-sienne.fr\/index.php\/visite-conseil\/\" class=\"more-link\">Continue reading <span class=\"screen-reader-text\">Visite conseil<\/span><\/a><\/p>\n","protected":false},"author":1,"featured_media":0,"parent":0,"menu_order":0,"comment_status":"closed","ping_status":"closed","template":"","meta":{"jetpack_post_was_ever_published":false,"footnotes":""},"class_list":["post-5196","page","type-page","status-publish","hentry"],"jetpack_sharing_enabled":true,"jetpack_shortlink":"https:\/\/wp.me\/PaqDx4-1lO","_links":{"self":[{"href":"https:\/\/atelier-sienne.fr\/index.php\/wp-json\/wp\/v2\/pages\/5196","targetHints":{"allow":["GET"]}}],"collection":[{"href":"https:\/\/atelier-sienne.fr\/index.php\/wp-json\/wp\/v2\/pages"}],"about":[{"href":"https:\/\/atelier-sienne.fr\/index.php\/wp-json\/wp\/v2\/types\/page"}],"author":[{"embeddable":true,"href":"https:\/\/atelier-sienne.fr\/index.php\/wp-json\/wp\/v2\/users\/1"}],"replies":[{"embeddable":true,"href":"https:\/\/atelier-sienne.fr\/index.php\/wp-json\/wp\/v2\/comments?post=5196"}],"version-history":[{"count":12,"href":"https:\/\/atelier-sienne.fr\/index.php\/wp-json\/wp\/v2\/pages\/5196\/revisions"}],"predecessor-version":[{"id":5274,"href":"https:\/\/atelier-sienne.fr\/index.php\/wp-json\/wp\/v2\/pages\/5196\/revisions\/5274"}],"wp:attachment":[{"href":"https:\/\/atelier-sienne.fr\/index.php\/wp-json\/wp\/v2\/media?parent=5196"}],"curies":[{"name":"wp","href":"https:\/\/api.w.org\/{rel}","templated":true}]}}