{"id":5160,"date":"2024-04-24T23:27:42","date_gmt":"2024-04-24T21:27:42","guid":{"rendered":"https:\/\/atelier-sienne.fr\/?page_id=5160"},"modified":"2025-08-18T17:56:11","modified_gmt":"2025-08-18T15:56:11","slug":"dae","status":"publish","type":"page","link":"https:\/\/atelier-sienne.fr\/index.php\/dae\/","title":{"rendered":"DAE"},"content":{"rendered":"\n<div class=\"wp-block-columns is-layout-flex wp-container-core-columns-is-layout-9d6595d7 wp-block-columns-is-layout-flex\">\n<div class=\"wp-block-column is-vertically-aligned-top is-layout-flow wp-block-column-is-layout-flow\" style=\"flex-basis:100%\"><div class=\"wp-block-image\">\n<figure class=\"alignright size-large is-resized\"><img loading=\"lazy\" decoding=\"async\" width=\"733\" height=\"460\" src=\"https:\/\/atelier-sienne.fr\/wp-content\/uploads\/2024\/04\/DAE-2.png\" alt=\"\" class=\"wp-image-5186\" style=\"width:500px;height:230px\" srcset=\"https:\/\/atelier-sienne.fr\/wp-content\/uploads\/2024\/04\/DAE-2.png 733w, https:\/\/atelier-sienne.fr\/wp-content\/uploads\/2024\/04\/DAE-2-300x188.png 300w, https:\/\/atelier-sienne.fr\/wp-content\/uploads\/2024\/04\/DAE-2-185x116.png 185w\" sizes=\"auto, (max-width: 733px) 100vw, 733px\" \/><figcaption class=\"wp-element-caption\"><em>Illustration<\/em> <em><strong>\u00a9<\/strong>&nbsp;Paul Dussud<\/em><\/figcaption><\/figure><\/div>\n\n\n<p><br><strong>C&#8217;est quoi ?<\/strong><br>C\u2019est une mission subventionn\u00e9e par la M\u00e9tropole du Grand Paris* pour les habitations individuelles implant\u00e9es sur son territoire.<br>Le DAE (<strong>Diagnostic Architectural et Energ\u00e9tique<\/strong>) comprend un audit \u00e9nerg\u00e9tique orient\u00e9 par un diagnostic architectural qui permet d\u2019adapter finement les programmes travaux propos\u00e9s dans l\u2019audit \u00e9nerg\u00e9tique aux caract\u00e9ristiques de votre bien.<br>Il est particuli\u00e8rement adapt\u00e9 aux biens : <br><strong>1\/<\/strong> qui pr\u00e9sentent des pathologies (humidit\u00e9 des parois, humidit\u00e9 de l\u2019air ambiant, fissures, d\u00e9gradations\u2026etc)<br><strong>2\/ <\/strong>situ\u00e9s en secteur Architecte des B\u00e2timents de France (ABF)<br><strong>3\/<\/strong> qui pr\u00e9sentent une certaine complexit\u00e9 (extension du b\u00e2timent d\u2019origine, fa\u00e7ades avec une composition singuli\u00e8re, forme complexe, parcelles \u00e9troites\u2026etc)<br><strong>4\/<\/strong> qui vont faire l\u2019objet d\u2019autres travaux en parall\u00e8le de la r\u00e9novation \u00e9nerg\u00e9tique (souhait d\u2019extension, de sur\u00e9l\u00e9vation, ou de r\u00e9novation int\u00e9rieure m\u00eame partielle)<\/p>\n\n\n\n<div class=\"wp-block-group\"><div class=\"wp-block-group__inner-container is-layout-flow wp-block-group-is-layout-flow\"><\/div><\/div>\n\n\n<div class=\"wp-block-image\">\n<figure class=\"alignleft size-large is-resized\"><img loading=\"lazy\" decoding=\"async\" width=\"696\" height=\"696\" src=\"https:\/\/atelier-sienne.fr\/wp-content\/uploads\/2024\/04\/metropole-du-grand-paris-1.png\" alt=\"\" class=\"wp-image-5166\" style=\"width:348px;height:348px\" srcset=\"https:\/\/atelier-sienne.fr\/wp-content\/uploads\/2024\/04\/metropole-du-grand-paris-1.png 696w, https:\/\/atelier-sienne.fr\/wp-content\/uploads\/2024\/04\/metropole-du-grand-paris-1-300x300.png 300w, https:\/\/atelier-sienne.fr\/wp-content\/uploads\/2024\/04\/metropole-du-grand-paris-1-150x150.png 150w, https:\/\/atelier-sienne.fr\/wp-content\/uploads\/2024\/04\/metropole-du-grand-paris-1-116x116.png 116w, https:\/\/atelier-sienne.fr\/wp-content\/uploads\/2024\/04\/metropole-du-grand-paris-1-50x50.png 50w\" sizes=\"auto, (max-width: 696px) 100vw, 696px\" \/><figcaption class=\"wp-element-caption\"><em>Limite de la M\u00e9tropole du Grand Paris<\/em><\/figcaption><\/figure><\/div>\n\n\n<p><br><strong>Pour vous ?<\/strong><br>\u2022 Si vous \u00eates propri\u00e9taire, occupant ou bailleur, <br>d&#8217;un bien situ\u00e9 sur le territoire de la M\u00e9tropole du Grand Paris, hors Paris<br>(une maison individuelle ou une petite copropri\u00e9t\u00e9 de moins de 4 lots principaux)<br>\u2022 Et que vous envisagez des travaux de r\u00e9novation \u00e9nerg\u00e9tique globale<br>\u2022 Si votre bien est trop froid en hiver ou trop chaud en \u00e9t\u00e9<br>\u2022 Ou si vous vous souciez de son impact \u00e9cologique<br>\u2022 Ou si sa facture \u00e9nerg\u00e9tique est trop \u00e9lev\u00e9e<br>\u2022 Et qu\u2019il pr\u00e9sente une des quatre situations expos\u00e9es ci-dessus (paragraphe \u00ab&nbsp;c\u2019est quoi&nbsp;\u00bb)<br><\/p>\n\n\n\n<p><\/p>\n<\/div>\n<\/div>\n\n\n\n<div class=\"wp-block-group\"><div class=\"wp-block-group__inner-container is-layout-flow wp-block-group-is-layout-flow\">\n<p><strong>Comment ? <\/strong><br><\/p>\n\n\n\n<p>Apr\u00e8s un premier entretien t\u00e9l\u00e9phonique, un architecte de l\u2019Atelier Sienne \u00e9tudie la situation de votre bien puis se d\u00e9place chez vous pour un rendez-vous comprenant un \u00e9change sur votre situation et un relev\u00e9 technique. Nous dressons ensuite le diagnostic architectural et le bilan \u00e9nerg\u00e9tique de votre bien. Ce travail permet de cibler les sp\u00e9cificit\u00e9s architecturales de votre bien, les types d\u2019\u00e9l\u00e9ments constructif les plus d\u00e9perditifs et la puissance de chauffage th\u00e9orique n\u00e9cessaire pour chauffer votre bien. Le moteur de calcul est le m\u00eame que celui pour effectuer un <a href=\"https:\/\/atelier-sienne.fr\/index.php\/dpe\/\" data-type=\"URL\" data-id=\"https:\/\/atelier-sienne.fr\/index.php\/dpe\/\">DPE<\/a>. Avec ces informations et le contenu de nos \u00e9changes pr\u00e9c\u00e9dents, nous mettons au point deux programmes de travaux \u00e9nerg\u00e9tiques&nbsp;: l\u2019un r\u00e9duit d\u2019au moins 35% les pertes \u00e9nerg\u00e9tiques de votre bien, l\u2019autre lui permet d\u2019atteindre une classe \u00e9nerg\u00e9tique A ou B (b\u00e2timent basse consommation). <br>Enfin, nous vous pr\u00e9sentons le rapport de DAE lors d\u2019un rendez-vous en visioconf\u00e9rence et vous le transmettons au format pdf.<\/p>\n<\/div><\/div>\n\n\n\n<p><strong>A quel prix&nbsp;?<\/strong><br>A partir de 2000\u20acttc<br>*1000\u20ac de subvention de la M\u00e9tropole du Grand Paris, vers\u00e9s sur facture acquitt\u00e9e (jusqu&#8217;au 31\/12\/2024, son renouvellement doit \u00eatre pr\u00e9sent\u00e9 en Conseil M\u00e9tropolitain au&nbsp;<strong>second semestre 2025<\/strong>) <br>En option : <br>\u2022 Etude du PLU<br>\u2022 <a href=\"https:\/\/atelier-sienne.fr\/index.php\/thermographie\/\" data-type=\"URL\" data-id=\"https:\/\/atelier-sienne.fr\/index.php\/thermographie\/\">Thermographie<\/a><br>\u2022 Consultation de l\u2019ABF (Architecte des B\u00e2timents de France)<br><\/p>\n\n\n\n<p><strong>Pour en savoir plus ?<\/strong><br>Vous pouvez : <br>\u2022 Visionner cette vid\u00e9o de GPSO avec l&#8217;intervention de Sophie Hallais : <a rel=\"noreferrer noopener\" href=\"https:\/\/www.youtube.com\/watch?v=xzMOgJ8YM9w\" data-type=\"URL\" data-id=\"https:\/\/www.youtube.com\/watch?v=xzMOgJ8YM9w\" target=\"_blank\">Tout savoir sur le diagnostic architectural et \u00e9nerg\u00e9tique, conf\u00e9rence du 21 septembre 2022<\/a><br>\u2022 Consulter le d\u00e9tail de l&#8217;aide de la M\u00e9tropole du Grand Paris <a rel=\"noreferrer noopener\" href=\"https:\/\/www.metropolegrandparis.fr\/sites\/default\/files\/media\/document\/SARE_RGLMT_AIDES_MGP_v20220404_0.pdf\" data-type=\"URL\" data-id=\"https:\/\/www.metropolegrandparis.fr\/sites\/default\/files\/media\/document\/SARE_RGLMT_AIDES_MGP_v20220404_0.pdf\" target=\"_blank\">en suivant ce lien <\/a><br><\/p>\n\n\n\n<p><strong>Par exemple ?<br><\/strong>Voici quelques biens qui ont fait l&#8217;objet d&#8217;un DAE par l&#8217;Atelier Sienne :<\/p>\n\n\n<style>#sp-wp-carousel-pro-id-5216.sp-wpcp-5216 .wpcp-all-captions .wpcp-image-caption {\n\t\tcolor: #333;\n\t\tfont-size: 15px;\n\t\tline-height: 23px;\n\t\tletter-spacing: normal;\n\t\ttext-transform: capitalize;\n\t\ttext-align: center;font-family: Overpass; font-style: normal; font-weight: 400;}\n\t\t#sp-wp-carousel-pro-id-5216.sp-wpcp-5216 .wpcp-all-captions .wpcp-image-description {\n\t\t\tcolor: #333;\n\t\t\tfont-size: 14px;\n\t\t\tline-height: 21px;\n\t\t\tletter-spacing: normal;\n\t\t\ttext-transform: none;\n\t\t\ttext-align: center;font-family: Overpass; font-style: normal; font-weight: 400;}\n\tdiv.wpcp-carousel-section#sp-wp-carousel-pro-id-5216.sp-wpcp-5216 .slick-prev,\n\tdiv.wpcp-carousel-section#sp-wp-carousel-pro-id-5216.sp-wpcp-5216 .slick-next,\n\tdiv.wpcp-carousel-section#sp-wp-carousel-pro-id-5216.sp-wpcp-5216 .slick-prev:hover,\n\tdiv.wpcp-carousel-section#sp-wp-carousel-pro-id-5216.sp-wpcp-5216 .slick-next:hover {\n\t\tbackground: none;\n\t\tborder: none;\n\t\tfont-size: 30px;\n\t}\n\tdiv.wpcp-carousel-section#sp-wp-carousel-pro-id-5216.sp-wpcp-5216 .slick-prev,\n\tdiv.wpcp-carousel-section#sp-wp-carousel-pro-id-5216.sp-wpcp-5216 .slick-next {\n\t\tcolor: #0a0a0a;\n\t}\n\tdiv.wpcp-carousel-section#sp-wp-carousel-pro-id-5216.sp-wpcp-5216 .slick-prev:hover,\n\tdiv.wpcp-carousel-section#sp-wp-carousel-pro-id-5216.sp-wpcp-5216 .slick-next:hover {\n\t\tcolor: #000000;\n\t}\n\t.wpcp-carousel-section#sp-wp-carousel-pro-id-5216.sp-wpcp-5216.nav-vertical-center {\n\t\tpadding: 0 30px;\n\t}\n\tdiv.wpcp-carousel-section#sp-wp-carousel-pro-id-5216.sp-wpcp-5216 .slick-prev {\n\t\ttext-align: left;\n\t}\n\tdiv.wpcp-carousel-section#sp-wp-carousel-pro-id-5216.sp-wpcp-5216 .slick-next {\n\t\ttext-align: right;\n\t}\n\t#sp-wp-carousel-pro-id-5216.sp-wpcp-5216.detail-with-overlay .wpcp-all-captions {\n\t\tbackground: #444;\n\t}\n\t.wpcp-carousel-section#sp-wp-carousel-pro-id-5216.sp-wpcp-5216 ul.slick-dots {\n\t\tmargin: 0px 0px 0px 0px;\n\t}\n\t.wpcp-carousel-section#sp-wp-carousel-pro-id-5216.sp-wpcp-5216 ul.slick-dots li button {\n\t\tbackground-color: rgba(0,0,0,0.2);\n\t}\n\t.wpcp-carousel-section#sp-wp-carousel-pro-id-5216.sp-wpcp-5216 ul.slick-dots li.slick-active button {\n\t\tbackground-color: #000000;\n\t}\n\t.wpcp-carousel-section#sp-wp-carousel-pro-id-5216.sp-wpcp-5216:not(.wpcp-product-carousel) .wpcp-single-item {\n\t\tborder: 0px none #ffffff;\n\t\tpadding: 0px;\n\t}\n\t\t.wpcp-carousel-wrapper.wpcp-wrapper-5216{\n\t\t\tposition: relative;\n\t\t}\n\t\t#sp-wp-carousel-pro-id-5216{\n\t\t\topacity: 0;\n\t\t}\n\t\t#wpcp-preloader-5216{\n\t\t\tposition: absolute;\n\t\t\tleft: 0;\n\t\t\ttop: 0;\n\t\t\theight: 100%;\n\t\t\twidth: 100%;\n\t\t\ttext-align: center;\n\t\t\tdisplay: flex;\n\t\t\talign-items: center;\n\t\t\tjustify-content: center;\n\t\t}\n\t\t\n\t.wpcp-carousel-section#sp-wp-carousel-pro-id-5216.sp-wpcp-5216 .slick-list{\n\t\tmargin-right: -20px;\n\t}\n\t.wpcp-carousel-section#sp-wp-carousel-pro-id-5216.sp-wpcp-5216 .slick-slide {\n\t\tmargin-right: 20px;\n\t}\n\t.wpcp-carousel-section#sp-wp-carousel-pro-id-5216.sp-wpcp-5216 .wpcp-single-item img { max-height:700px; }#sp-wp-carousel-pro-id-5216.sp-wpcp-5216 .wpcp-slide-image img,\n#sp-wp-carousel-pro-id-5216.sp-wpcp-5216.wpcp-product-carousel .wpcp-slide-image a {\n\tborder-radius: 0px;\n  }\n  #sp-wp-carousel-pro-id-5216.sp-wpcp-5216:not(.wpcp-product-carousel):not(.wpcp-content-carousel) .wpcp-single-item {\n\t  background: #ffffff;\n  }<\/style><div class=\"wpcp-carousel-wrapper wpcp-wrapper-5216\"><div id=\"wpcp-preloader-5216\" class=\"accordion-preloader\"><\/div><div id=\"sp-wp-carousel-pro-id-5216\" class=\"wpcp-carousel-section sp-wpcp-5216 wpcp-image-carousel nav-vertical-center-inner-hover wpcp-standard\" data-slick='{ \"accessibility\":true, \"centerMode\":false, \"centerPadding\": \"0px\", \"swipeToSlide\":false, \"adaptiveHeight\":false, \"arrows\":true, \"autoplay\":false, \"autoplaySpeed\":3000, \"dots\":true, \"infinite\":true, \"speed\":600, \"pauseOnHover\":true, \"slidesToScroll\":1, \"slidesToShow\":1, \"responsive\":[ { \"breakpoint\":1200, \"settings\": { \"slidesToShow\":1 } }, { \"breakpoint\":980, \"settings\":{ \"slidesToShow\":1 } }, { \"breakpoint\":736, \"settings\": { \"slidesToShow\":1, \"centerPadding\": 0 } }, {\"breakpoint\":480, \"settings\":{ \"slidesToShow\":1, \"slidesToScroll\":1, \"arrows\": true, \"dots\": false, \"centerPadding\": 0 } } ], \"rows\":1, \"rtl\":false, \"variableWidth\":false, \"fade\":true, \"lazyLoad\": \"false\", \"swipe\": true, \"draggable\": true }' data-arrowtype=\"caret\" dir=\"ltr\" dir=\"ltr\"><div class=\"wpcp-single-item\"><div class=\"wpcp-slide-image\"><img decoding=\"async\" src=\"https:\/\/atelier-sienne.fr\/wp-content\/uploads\/2024\/04\/Antony_1-768x1024.jpg\" alt=\"Antony_1\"><\/div><\/div><div class=\"wpcp-single-item\"><div class=\"wpcp-slide-image\"><img decoding=\"async\" src=\"https:\/\/atelier-sienne.fr\/wp-content\/uploads\/2024\/04\/Chaville_1-768x1024.jpg\" alt=\"Chaville_1\"><\/div><\/div><div class=\"wpcp-single-item\"><div class=\"wpcp-slide-image\"><img decoding=\"async\" src=\"https:\/\/atelier-sienne.fr\/wp-content\/uploads\/2024\/04\/Chaville_2-768x1024.jpg\" alt=\"Chaville_2\"><\/div><\/div><div class=\"wpcp-single-item\"><div class=\"wpcp-slide-image\"><img decoding=\"async\" src=\"https:\/\/atelier-sienne.fr\/wp-content\/uploads\/2024\/04\/Clamart_1-768x1024.jpg\" alt=\"Clamart_1\"><\/div><\/div><div class=\"wpcp-single-item\"><div class=\"wpcp-slide-image\"><img decoding=\"async\" src=\"https:\/\/atelier-sienne.fr\/wp-content\/uploads\/2024\/04\/Joinville_1-768x1024.jpg\" alt=\"Joinville_1\"><\/div><\/div><div class=\"wpcp-single-item\"><div class=\"wpcp-slide-image\"><img decoding=\"async\" src=\"https:\/\/atelier-sienne.fr\/wp-content\/uploads\/2024\/04\/Meudon_1-768x1024.jpg\" alt=\"Meudon_1\"><\/div><\/div><div class=\"wpcp-single-item\"><div class=\"wpcp-slide-image\"><img decoding=\"async\" src=\"https:\/\/atelier-sienne.fr\/wp-content\/uploads\/2024\/04\/Meudon_2-768x1024.jpg\" alt=\"Meudon_2\"><\/div><\/div><div class=\"wpcp-single-item\"><div class=\"wpcp-slide-image\"><img decoding=\"async\" src=\"https:\/\/atelier-sienne.fr\/wp-content\/uploads\/2024\/04\/Morangis_1-768x1024.jpg\" alt=\"Morangis_1\"><\/div><\/div><div class=\"wpcp-single-item\"><div class=\"wpcp-slide-image\"><img decoding=\"async\" src=\"https:\/\/atelier-sienne.fr\/wp-content\/uploads\/2024\/04\/Morangis_2-768x1024.jpg\" alt=\"Morangis_2\"><\/div><\/div><div class=\"wpcp-single-item\"><div class=\"wpcp-slide-image\"><img decoding=\"async\" src=\"https:\/\/atelier-sienne.fr\/wp-content\/uploads\/2024\/04\/Rueil-Malmaison_1-576x1024.jpg\" alt=\"Rueil-Malmaison_1\"><\/div><\/div><div class=\"wpcp-single-item\"><div class=\"wpcp-slide-image\"><img decoding=\"async\" src=\"https:\/\/atelier-sienne.fr\/wp-content\/uploads\/2024\/04\/Savigny-sur-Orge_1-768x1024.jpg\" alt=\"Savigny-sur-Orge_1\"><\/div><\/div><div class=\"wpcp-single-item\"><div class=\"wpcp-slide-image\"><img decoding=\"async\" src=\"https:\/\/atelier-sienne.fr\/wp-content\/uploads\/2024\/04\/Sceaux_1-768x1024.jpg\" alt=\"Sceaux_1\"><\/div><\/div><div class=\"wpcp-single-item\"><div class=\"wpcp-slide-image\"><img decoding=\"async\" src=\"https:\/\/atelier-sienne.fr\/wp-content\/uploads\/2024\/04\/Sceaux_2-768x1024.jpg\" alt=\"Sceaux_2\"><\/div><\/div><div class=\"wpcp-single-item\"><div class=\"wpcp-slide-image\"><img decoding=\"async\" src=\"https:\/\/atelier-sienne.fr\/wp-content\/uploads\/2024\/04\/Sceaux_3-768x1024.jpg\" alt=\"Sceaux_3\"><\/div><\/div><div class=\"wpcp-single-item\"><div class=\"wpcp-slide-image\"><img decoding=\"async\" src=\"https:\/\/atelier-sienne.fr\/wp-content\/uploads\/2024\/04\/Sevres_1-768x1024.jpg\" alt=\"Sevres_1\"><\/div><\/div><div class=\"wpcp-single-item\"><div class=\"wpcp-slide-image\"><img decoding=\"async\" src=\"https:\/\/atelier-sienne.fr\/wp-content\/uploads\/2024\/04\/Chaville_3.jpg\" alt=\"Chaville_3\"><\/div><\/div><div class=\"wpcp-single-item\"><div class=\"wpcp-slide-image\"><img decoding=\"async\" src=\"https:\/\/atelier-sienne.fr\/wp-content\/uploads\/2024\/04\/Fresnes_1.jpg\" alt=\"Fresnes_1\"><\/div><\/div><div class=\"wpcp-single-item\"><div class=\"wpcp-slide-image\"><img decoding=\"async\" src=\"https:\/\/atelier-sienne.fr\/wp-content\/uploads\/2024\/04\/Savigny-sur-Orge_2.jpg\" alt=\"Savigny-sur-Orge_2\"><\/div><\/div><\/div><\/div>\n","protected":false},"excerpt":{"rendered":"<p>C&#8217;est quoi ?C\u2019est une mission subventionn\u00e9e par la M\u00e9tropole du Grand Paris* pour les habitations individuelles implant\u00e9es sur son territoire.Le &hellip; <a href=\"https:\/\/atelier-sienne.fr\/index.php\/dae\/\" class=\"more-link\">Continue reading <span class=\"screen-reader-text\">DAE<\/span><\/a><\/p>\n","protected":false},"author":1,"featured_media":0,"parent":0,"menu_order":0,"comment_status":"closed","ping_status":"closed","template":"","meta":{"jetpack_post_was_ever_published":false,"footnotes":""},"class_list":["post-5160","page","type-page","status-publish","hentry"],"jetpack_sharing_enabled":true,"jetpack_shortlink":"https:\/\/wp.me\/PaqDx4-1le","_links":{"self":[{"href":"https:\/\/atelier-sienne.fr\/index.php\/wp-json\/wp\/v2\/pages\/5160","targetHints":{"allow":["GET"]}}],"collection":[{"href":"https:\/\/atelier-sienne.fr\/index.php\/wp-json\/wp\/v2\/pages"}],"about":[{"href":"https:\/\/atelier-sienne.fr\/index.php\/wp-json\/wp\/v2\/types\/page"}],"author":[{"embeddable":true,"href":"https:\/\/atelier-sienne.fr\/index.php\/wp-json\/wp\/v2\/users\/1"}],"replies":[{"embeddable":true,"href":"https:\/\/atelier-sienne.fr\/index.php\/wp-json\/wp\/v2\/comments?post=5160"}],"version-history":[{"count":46,"href":"https:\/\/atelier-sienne.fr\/index.php\/wp-json\/wp\/v2\/pages\/5160\/revisions"}],"predecessor-version":[{"id":5824,"href":"https:\/\/atelier-sienne.fr\/index.php\/wp-json\/wp\/v2\/pages\/5160\/revisions\/5824"}],"wp:attachment":[{"href":"https:\/\/atelier-sienne.fr\/index.php\/wp-json\/wp\/v2\/media?parent=5160"}],"curies":[{"name":"wp","href":"https:\/\/api.w.org\/{rel}","templated":true}]}}