{"id":5013,"date":"2023-10-28T19:11:37","date_gmt":"2023-10-28T17:11:37","guid":{"rendered":"https:\/\/atelier-sienne.fr\/?page_id=5013"},"modified":"2024-04-24T23:48:03","modified_gmt":"2024-04-24T21:48:03","slug":"nos-missions","status":"publish","type":"page","link":"https:\/\/atelier-sienne.fr\/index.php\/nos-missions\/","title":{"rendered":"Nos missions"},"content":{"rendered":"\n<div style=\"height:100px\" aria-hidden=\"true\" class=\"wp-block-spacer\"><\/div>\n\n\n\n<div class=\"container construction-box\">  \nPour d\u00e9buter votre projet, nous proposons les missions suivantes : \n<br><br>\n  <div class=\"row\">\n    <div class=\"col-md-4 col-sd-12 ml-1 mb-1\">\n      <div class=\"mini-text pink\">\n        <div class=\"text-center\" style=\"width: 84%; margin: auto\">\n<a href=\"https:\/\/atelier-sienne.fr\/index.php\/visite-conseil\/\"><h4><strong>Visite conseil<\/strong><\/h4><\/a>\n<br>La 1\u00e8re \u00e9tape de votre projet, qui vous permet de vous rendre compte de ce qui est faisable et d\u2019obtenir des nouvelles id\u00e9es pour r\u00e9pondre \u00e0 votre besoin.\n<br><br>  \n<em>Entre 360\u20ac et 800\u20ac ttc<\/em>\n        <\/div>\n      <\/div>\n    <\/div>\n    <div class=\"col-md-4 col-sd-12 ml-1\">\n      <div class=\"mini-text pink\">\n        <div class=\"text-center\" style=\"width: 84%; margin: auto\">\n<a href=\"https:\/\/atelier-sienne.fr\/index.php\/audit-energetique\/\"><h4><strong>Audit \u00e9nerg\u00e9tique<\/strong><\/h4><\/a>\n<br>L\u2019audit vous permet d\u2019identifier les points faibles de votre bien d\u2019un point de vue \u00e9nerg\u00e9tique et pr\u00e9conise les solutions adapt\u00e9es.\n<br><br>\n<em>A partir de 1500\u20ac ttc<\/em>\n        <\/div>\n      <\/div>\n    <\/div>\n    <div class=\"col-md-4 col-sd-12 ml-1\">\n      <div class=\"mini-text pink\">\n        <div class=\"text-center\" style=\"width: 84%; margin: auto\">\n<a href=\"https:\/\/atelier-sienne.fr\/index.php\/dae\/\"><h4><strong>DAE<\/strong><\/h4><\/a>\n<br>C\u2019est un audit \u00e9nerg\u00e9tique orient\u00e9 par un diagnostic architectural qui permet d\u2019adapter finement les programmes travaux \u00e0 votre bien.\n<br><br>\n<em>A partir de 2000\u20ac ttc<\/em>\n        <\/div>\n      <\/div>\n    <\/div>\n<br><br>\n  <\/div>\n<\/div>\n\n\n\n<p><br><br><\/p>\n\n\n\n<div class=\"container construction-box\"> \nApr\u00e8s une des missions ci-dessus, pour accompagner votre projet de travaux,<br>\nnotre m\u00e9thode est constitu\u00e9e de trois grandes \u00e9tapes : \n<br><br>\n  <div class=\"row\">\n    <div class=\"col-md-4 col-sd-12 ml-1\">\n      <div class=\"mini-text red\">\n        <div class=\"text-center\" style=\"width: 84%; margin: auto\">\n<h4><strong>Conception<\/strong><\/h4>\n<br>Mettre en ad\u00e9quation tous les param\u00e8tres de votre projet et notamment le budget et le contenu de vos travaux.\n        <\/div>\n      <\/div>\n    <\/div>\n    <div class=\"col-md-4 col-sd-12 ml-1\">\n      <div class=\"mini-text red\">\n        <div class=\"text-center\" style=\"width: 84%; margin: auto\">\n<h4><strong>Pr\u00e9paration de chantier<\/strong><\/h4>\n<br>D\u00e9finir pr\u00e9cis\u00e9ment le contenu technique de vos travaux et choisir le ou les artisans qui les r\u00e9aliseront. \n        <\/div>\n      <\/div>\n    <\/div>\n    <div class=\"col-md-4 col-sd-12 ml-1\">\n      <div class=\"mini-text red\">\n        <div class=\"text-center\" style=\"width: 84%; margin: auto\">\n<h4><strong>Supervision de chantier<\/strong><\/h4>\n<br>Mener la r\u00e9alisation \u00e0 son terme, et ce, en vous permettant de faire les choix les plus adapt\u00e9s \u00e0 votre besoin. \n        <\/div>\n      <\/div>\n    <\/div>\n  <\/div>\n<\/div>\n","protected":false},"excerpt":{"rendered":"<p>Pour d\u00e9buter votre projet, nous proposons les missions suivantes : Visite conseil La 1\u00e8re \u00e9tape de votre projet, qui vous &hellip; <a href=\"https:\/\/atelier-sienne.fr\/index.php\/nos-missions\/\" class=\"more-link\">Continue reading <span class=\"screen-reader-text\">Nos missions<\/span><\/a><\/p>\n","protected":false},"author":1,"featured_media":0,"parent":0,"menu_order":0,"comment_status":"closed","ping_status":"closed","template":"","meta":{"jetpack_post_was_ever_published":false,"footnotes":""},"class_list":["post-5013","page","type-page","status-publish","hentry"],"jetpack_sharing_enabled":false,"jetpack_shortlink":"https:\/\/wp.me\/PaqDx4-1iR","_links":{"self":[{"href":"https:\/\/atelier-sienne.fr\/index.php\/wp-json\/wp\/v2\/pages\/5013","targetHints":{"allow":["GET"]}}],"collection":[{"href":"https:\/\/atelier-sienne.fr\/index.php\/wp-json\/wp\/v2\/pages"}],"about":[{"href":"https:\/\/atelier-sienne.fr\/index.php\/wp-json\/wp\/v2\/types\/page"}],"author":[{"embeddable":true,"href":"https:\/\/atelier-sienne.fr\/index.php\/wp-json\/wp\/v2\/users\/1"}],"replies":[{"embeddable":true,"href":"https:\/\/atelier-sienne.fr\/index.php\/wp-json\/wp\/v2\/comments?post=5013"}],"version-history":[{"count":8,"href":"https:\/\/atelier-sienne.fr\/index.php\/wp-json\/wp\/v2\/pages\/5013\/revisions"}],"predecessor-version":[{"id":5284,"href":"https:\/\/atelier-sienne.fr\/index.php\/wp-json\/wp\/v2\/pages\/5013\/revisions\/5284"}],"wp:attachment":[{"href":"https:\/\/atelier-sienne.fr\/index.php\/wp-json\/wp\/v2\/media?parent=5013"}],"curies":[{"name":"wp","href":"https:\/\/api.w.org\/{rel}","templated":true}]}}