{"id":3340,"date":"2019-09-06T09:57:31","date_gmt":"2019-09-06T07:57:31","guid":{"rendered":"http:\/\/atelier-sienne.fr\/?page_id=3340"},"modified":"2021-01-15T18:37:54","modified_gmt":"2021-01-15T17:37:54","slug":"habitations-eco-responsables","status":"publish","type":"page","link":"https:\/\/atelier-sienne.fr\/index.php\/habitations-eco-responsables\/","title":{"rendered":"Habitations \u00e9co-responsables"},"content":{"rendered":"\n<div style=\"height:61px\" aria-hidden=\"true\" class=\"wp-block-spacer\"><\/div>\n\n\n\n<h1 style=\"text-align:center\">Habitations <br>\u00e9co-responsables<\/h1>\n\n\n\n<div style=\"height:51px\" aria-hidden=\"true\" class=\"wp-block-spacer\"><\/div>\n\n\n\n<div class=\"container construction-box\">\n<h4 style=\"text-align:center\">L\u2019Atelier Sienne est sp\u00e9cialis\u00e9 pour vous accompagner dans vos projets de travaux. <br><br>Nous assurons plusieurs types de prestations : du simple avis professionnel avant de vous lancer, \u00e0 la d\u00e9finition compl\u00e8te du projet que vous pourrez r\u00e9aliser. <br><br>Nous vous fournissons une aide \u00e0 la d\u00e9cision pour diminuer la consommation de votre habitation et atteindre un meilleur confort thermique \u00e9t\u00e9 comme hiver. <br><br>Nous pouvons aussi vous conseiller sur l\u2019utilisation de mat\u00e9riaux biosourc\u00e9s ou issus de l\u2019\u00e9conomie circulaire, pour un moindre impact de vos travaux sur notre \u00e9cosyst\u00e8me.<\/h4>\n<\/div>\n\n\n\n<div style=\"height:61px\" aria-hidden=\"true\" class=\"wp-block-spacer\"><\/div>\n","protected":false},"excerpt":{"rendered":"<p>Habitations \u00e9co-responsables L\u2019Atelier Sienne est sp\u00e9cialis\u00e9 pour vous accompagner dans vos projets de travaux. Nous assurons plusieurs types de prestations &hellip; <a href=\"https:\/\/atelier-sienne.fr\/index.php\/habitations-eco-responsables\/\" class=\"more-link\">Continue reading <span class=\"screen-reader-text\">Habitations \u00e9co-responsables<\/span><\/a><\/p>\n","protected":false},"author":1,"featured_media":0,"parent":0,"menu_order":0,"comment_status":"closed","ping_status":"closed","template":"page-templates\/template-home.php","meta":{"jetpack_post_was_ever_published":false,"footnotes":""},"class_list":["post-3340","page","type-page","status-publish","hentry"],"jetpack_sharing_enabled":true,"jetpack_shortlink":"https:\/\/wp.me\/PaqDx4-RS","_links":{"self":[{"href":"https:\/\/atelier-sienne.fr\/index.php\/wp-json\/wp\/v2\/pages\/3340","targetHints":{"allow":["GET"]}}],"collection":[{"href":"https:\/\/atelier-sienne.fr\/index.php\/wp-json\/wp\/v2\/pages"}],"about":[{"href":"https:\/\/atelier-sienne.fr\/index.php\/wp-json\/wp\/v2\/types\/page"}],"author":[{"embeddable":true,"href":"https:\/\/atelier-sienne.fr\/index.php\/wp-json\/wp\/v2\/users\/1"}],"replies":[{"embeddable":true,"href":"https:\/\/atelier-sienne.fr\/index.php\/wp-json\/wp\/v2\/comments?post=3340"}],"version-history":[{"count":40,"href":"https:\/\/atelier-sienne.fr\/index.php\/wp-json\/wp\/v2\/pages\/3340\/revisions"}],"predecessor-version":[{"id":4882,"href":"https:\/\/atelier-sienne.fr\/index.php\/wp-json\/wp\/v2\/pages\/3340\/revisions\/4882"}],"wp:attachment":[{"href":"https:\/\/atelier-sienne.fr\/index.php\/wp-json\/wp\/v2\/media?parent=3340"}],"curies":[{"name":"wp","href":"https:\/\/api.w.org\/{rel}","templated":true}]}}