{"id":3214,"date":"2019-08-26T23:40:09","date_gmt":"2019-08-26T21:40:09","guid":{"rendered":"http:\/\/atelier-sienne.fr\/?page_id=3214"},"modified":"2021-09-28T15:54:21","modified_gmt":"2021-09-28T13:54:21","slug":"partenaires","status":"publish","type":"page","link":"https:\/\/atelier-sienne.fr\/index.php\/architecture\/partenaires\/","title":{"rendered":"Partenaires"},"content":{"rendered":"\n<div style=\"height:56px\" aria-hidden=\"true\" class=\"wp-block-spacer\"><\/div>\n\n\n\n<div class=\"wp-block-image\"><figure class=\"alignleft is-resized\"><a href=\"https:\/\/www.maf.fr\/\" target=\"_blank\" rel=\"noreferrer noopener\"><img loading=\"lazy\" decoding=\"async\" src=\"https:\/\/atelier-sienne.fr\/wp-content\/uploads\/2019\/09\/maf-assurance.png\" alt=\"\" class=\"wp-image-3426\" width=\"93\" height=\"93\" srcset=\"https:\/\/atelier-sienne.fr\/wp-content\/uploads\/2019\/09\/maf-assurance.png 225w, https:\/\/atelier-sienne.fr\/wp-content\/uploads\/2019\/09\/maf-assurance-150x150.png 150w, https:\/\/atelier-sienne.fr\/wp-content\/uploads\/2019\/09\/maf-assurance-50x50.png 50w\" sizes=\"auto, (max-width: 93px) 100vw, 93px\" \/><\/a><\/figure><\/div>\n\n\n\n<p><strong><a href=\"https:\/\/www.maf.fr\/\" target=\"_blank\" rel=\"noreferrer noopener\" aria-label=\" (s\u2019ouvre dans un nouvel onglet)\">MAF<\/a><\/strong><br><br>L&#8217;Atelier Sienne est assur\u00e9e \u00e0 la MAF, Mutuelle des Architectes de France. Nous b\u00e9n\u00e9ficions d&#8217;une garantie d\u00e9cennale sur notre travail de conception et de ma\u00eetre d&#8217;\u0153uvre. La MAF existe depuis le d\u00e9but des ann\u00e9es 30 et compte 24 243 adh\u00e9rents en 2017. <\/p>\n\n\n\n<div style=\"height:20px\" aria-hidden=\"true\" class=\"wp-block-spacer\"><\/div>\n\n\n\n<div class=\"wp-block-image\"><figure class=\"alignleft is-resized\"><a href=\"https:\/\/www.architectes.org\/\" target=\"_blank\" rel=\"noreferrer noopener\"><img loading=\"lazy\" decoding=\"async\" src=\"https:\/\/atelier-sienne.fr\/wp-content\/uploads\/2019\/09\/ordre-des-architectes.jpg\" alt=\"\" class=\"wp-image-3422\" width=\"93\" height=\"34\"\/><\/a><figcaption><br><br><\/figcaption><\/figure><\/div>\n\n\n\n<p><strong><a href=\"https:\/\/www.architectes.org\/\" target=\"_blank\" rel=\"noreferrer noopener\" aria-label=\" (s\u2019ouvre dans un nouvel onglet)\">Ordre des architectes<\/a><\/strong><br><br>L&#8217;Atelier Sienne est une soci\u00e9t\u00e9 d&#8217;architecture inscrite \u00e0 l&#8217;Ordre des Architectes d&#8217;\u00cele-de-France sous le num\u00e9ro S2043. L&#8217;Ordre des Architectes d\u00e9fend non pas les architectes, comme pourrait le faire un syndicat d&#8217;architectes, mais l&#8217;int\u00e9r\u00eat g\u00e9n\u00e9ral au service duquel les architectes se doivent de travailler. L&#8217;architecte travaille \u00e0 votre service de fa\u00e7on ind\u00e9pendante : il se doit de vous conseiller en toute impartialit\u00e9.  <\/p>\n\n\n\n<div style=\"height:20px\" aria-hidden=\"true\" class=\"wp-block-spacer\"><\/div>\n\n\n\n<div class=\"wp-block-image\"><figure class=\"alignleft size-large is-resized\"><a href=\"https:\/\/medimmoconso.fr\/adresser-une-reclamation\/\" target=\"_blank\" rel=\"noreferrer noopener\"><img decoding=\"async\" src=\"https:\/\/atelier-sienne.fr\/wp-content\/uploads\/2021\/09\/logo-medimmonconso-300x216-1.png\" alt=\"\" class=\"wp-image-4946\" width=\"93\" height=\"-236\"\/><\/a><figcaption><br><br><\/figcaption><\/figure><\/div>\n\n\n\n<p> <strong><a rel=\"noreferrer noopener\" href=\"https:\/\/medimmoconso.fr\/adresser-une-reclamation\/\" target=\"_blank\">Medimmoconso<\/a><\/strong><br><br>Pour tout contrat sign\u00e9 avec l&#8217;Atelier Sienne, les consommateurs peuvent saisir un m\u00e9diateur de la consommation dans les conditions pr\u00e9vues aux articles L 611-1 et suivants du code de la consommation, dont les coordonn\u00e9es administratives sont : Association MEDIMMOCONSO, 1 All\u00e9e du Parc de Mesemena &#8211; B\u00e2t A &#8211; CS25222 &#8211; 44505 LA BAULE CEDEX, Site internet : https:\/\/medimmoconso.fr\/adresser-une-reclamation\/<\/p>\n\n\n\n<div style=\"height:20px\" aria-hidden=\"true\" class=\"wp-block-spacer\"><\/div>\n\n\n\n<div class=\"wp-block-image\"><figure class=\"alignleft is-resized\"><a href=\"http:\/\/www.instant-t.fr\/\" target=\"_blank\" rel=\"noreferrer noopener\"><img loading=\"lazy\" decoding=\"async\" src=\"https:\/\/atelier-sienne.fr\/wp-content\/uploads\/2019\/09\/it_court.jpeg\" alt=\"\" class=\"wp-image-3301\" width=\"93\" height=\"86\"\/><\/a><figcaption><br><\/figcaption><\/figure><\/div>\n\n\n\n<p><strong><a rel=\"noreferrer noopener\" aria-label=\" (s\u2019ouvre dans un nouvel onglet)\" href=\"http:\/\/www.instant-t.fr\" target=\"_blank\">instant|t<\/a><\/strong><br><br>Nous faisons partie du r\u00e9seau de ma\u00eetres d&#8217;\u0153uvre <em>instant|t<\/em>. <br>Nous utilisons une m\u00e9thode et des outils de gestion de projet communs \u00e9prouv\u00e9s sur plusieurs dizaines de projets. <br>Nous b\u00e9n\u00e9ficions aussi d&#8217;une v\u00e9ritable entraide au sein du r\u00e9seau : lorsque vous nous posez une question tout le r\u00e9seau est l\u00e0 pour y r\u00e9pondre. <br>Enfin, nous nous formons aupr\u00e8s d&#8217;<em>instant|t<\/em> en continu pour toujours mieux vous accompagner dans vos projets de travaux. <\/p>\n\n\n\n<div style=\"height:20px\" aria-hidden=\"true\" class=\"wp-block-spacer\"><\/div>\n\n\n\n<div class=\"wp-block-image\"><figure class=\"alignleft is-resized\"><a href=\"http:\/\/www.arcostudio.fr\" target=\"_blank\" rel=\"noreferrer noopener\"><img decoding=\"async\" src=\"https:\/\/atelier-sienne.fr\/wp-content\/uploads\/2019\/09\/arcostudio.png\" alt=\"\" class=\"wp-image-4231\" width=\"93\" srcset=\"https:\/\/atelier-sienne.fr\/wp-content\/uploads\/2019\/09\/arcostudio.png 494w, https:\/\/atelier-sienne.fr\/wp-content\/uploads\/2019\/09\/arcostudio-300x106.png 300w\" sizes=\"(max-width: 494px) 100vw, 494px\" \/><\/a><figcaption><br><br><\/figcaption><\/figure><\/div>\n\n\n\n<p><strong><a href=\"http:\/\/www.arcostudio.fr\" target=\"_blank\" rel=\"noreferrer noopener\" aria-label=\" (s\u2019ouvre dans un nouvel onglet)\">Arco Studio<\/a><\/strong><br><br>Nous faisons appel \u00e0 <em>Arco Studio<\/em> pour photographier les projets r\u00e9alis\u00e9s et mettre en avant les usages et les ambiances de chaque lieu travaill\u00e9.  <\/p>\n\n\n\n<div style=\"height:20px\" aria-hidden=\"true\" class=\"wp-block-spacer\"><\/div>\n\n\n\n<div class=\"wp-block-image\"><figure class=\"alignleft is-resized\"><img loading=\"lazy\" decoding=\"async\" src=\"https:\/\/atelier-sienne.fr\/wp-content\/uploads\/2020\/09\/architectes-et-particuliers.jpg\" alt=\"\" class=\"wp-image-4679\" width=\"91\" height=\"91\" srcset=\"https:\/\/atelier-sienne.fr\/wp-content\/uploads\/2020\/09\/architectes-et-particuliers.jpg 591w, https:\/\/atelier-sienne.fr\/wp-content\/uploads\/2020\/09\/architectes-et-particuliers-150x150.jpg 150w, https:\/\/atelier-sienne.fr\/wp-content\/uploads\/2020\/09\/architectes-et-particuliers-300x300.jpg 300w, https:\/\/atelier-sienne.fr\/wp-content\/uploads\/2020\/09\/architectes-et-particuliers-50x50.jpg 50w\" sizes=\"auto, (max-width: 91px) 100vw, 91px\" \/><figcaption><br><br><br><\/figcaption><\/figure><\/div>\n\n\n\n<p> <strong><a href=\"https:\/\/www.architectesetparticuliers.fr\/\" target=\"_blank\" rel=\"noreferrer noopener\" aria-label=\" (s\u2019ouvre dans un nouvel onglet)\">Architectes &amp; Particuliers<\/a><\/strong><br><br>L&#8217;Atelier Sienne fait partie de l&#8217;association <em>Architectes &amp; Particuliers<\/em> qui regroupe des architectes sp\u00e9cialis\u00e9s dans l&#8217;habitat des particuliers, neuf ou \u00e0 r\u00e9nover. <br><em>\u00ab Les membres de l\u2019association Architectes &amp; Particuliers sont des sp\u00e9cialistes de l\u2019habitat. Leur m\u00e9thode de travail leur permet de r\u00e9pondre aux situations les plus complexes et de g\u00e9rer l\u2019ensemble de l\u2019op\u00e9ration avec les acteurs de la construction, pour un co\u00fbt et un d\u00e9lai d\u00e9fini avec le client \u00bb.<\/em> <br>Odile Veillon et Pierrick Malenfant, co-fondateurs<\/p>\n\n\n\n<div style=\"height:100px\" aria-hidden=\"true\" class=\"wp-block-spacer\"><\/div>\n","protected":false},"excerpt":{"rendered":"<p>MAF L&#8217;Atelier Sienne est assur\u00e9e \u00e0 la MAF, Mutuelle des Architectes de France. Nous b\u00e9n\u00e9ficions d&#8217;une garantie d\u00e9cennale sur notre &hellip; <a href=\"https:\/\/atelier-sienne.fr\/index.php\/architecture\/partenaires\/\" class=\"more-link\">Continue reading <span class=\"screen-reader-text\">Partenaires<\/span><\/a><\/p>\n","protected":false},"author":1,"featured_media":0,"parent":3201,"menu_order":0,"comment_status":"closed","ping_status":"closed","template":"","meta":{"jetpack_post_was_ever_published":false,"footnotes":""},"class_list":["post-3214","page","type-page","status-publish","hentry"],"jetpack_sharing_enabled":true,"jetpack_shortlink":"https:\/\/wp.me\/PaqDx4-PQ","_links":{"self":[{"href":"https:\/\/atelier-sienne.fr\/index.php\/wp-json\/wp\/v2\/pages\/3214","targetHints":{"allow":["GET"]}}],"collection":[{"href":"https:\/\/atelier-sienne.fr\/index.php\/wp-json\/wp\/v2\/pages"}],"about":[{"href":"https:\/\/atelier-sienne.fr\/index.php\/wp-json\/wp\/v2\/types\/page"}],"author":[{"embeddable":true,"href":"https:\/\/atelier-sienne.fr\/index.php\/wp-json\/wp\/v2\/users\/1"}],"replies":[{"embeddable":true,"href":"https:\/\/atelier-sienne.fr\/index.php\/wp-json\/wp\/v2\/comments?post=3214"}],"version-history":[{"count":58,"href":"https:\/\/atelier-sienne.fr\/index.php\/wp-json\/wp\/v2\/pages\/3214\/revisions"}],"predecessor-version":[{"id":4952,"href":"https:\/\/atelier-sienne.fr\/index.php\/wp-json\/wp\/v2\/pages\/3214\/revisions\/4952"}],"up":[{"embeddable":true,"href":"https:\/\/atelier-sienne.fr\/index.php\/wp-json\/wp\/v2\/pages\/3201"}],"wp:attachment":[{"href":"https:\/\/atelier-sienne.fr\/index.php\/wp-json\/wp\/v2\/media?parent=3214"}],"curies":[{"name":"wp","href":"https:\/\/api.w.org\/{rel}","templated":true}]}}