{"id":313,"date":"2018-12-27T11:52:04","date_gmt":"2018-12-27T10:52:04","guid":{"rendered":"http:\/\/atelier-sienne-architecture.fr\/?page_id=313"},"modified":"2023-11-01T21:29:55","modified_gmt":"2023-11-01T20:29:55","slug":"nos-plus","status":"publish","type":"page","link":"https:\/\/atelier-sienne.fr\/index.php\/nos-plus\/","title":{"rendered":"Nos plus"},"content":{"rendered":"\n<div style=\"height:100px\" aria-hidden=\"true\" class=\"wp-block-spacer\"><\/div>\n\n\n\n<h1 class=\"has-text-align-center wp-block-heading\">Nos +<\/h1>\n\n\n\n<div style=\"height:100px\" aria-hidden=\"true\" class=\"wp-block-spacer\"><\/div>\n\n\n\n<div class=\"container construction-box\">  \n  <div class=\"row\">\n    <div class=\"col-md-4 col-sd-12\">\n      <div class=\"text-center\">\n        <img decoding=\"async\" class=\"img-responsive projet-logo\" src=\"\/wp-content\/uploads\/2019\/09\/engagement-B.png\" alt=\"Engagement\">\n<br>\n<br>\n<br>\n      <\/div>\n      <div class=\"mini-text\">\n        <div class=\"text-center\" style=\"width: 84%; margin: auto\">\n<h4><strong>Engagement<\/strong><\/h4>\n<br>Nous vous conseillons pour r\u00e9duire l\u2019impact \u00e9cologique de votre projet, pour notre plan\u00e8te et pour votre bien-\u00eatre. Nous sommes entour\u00e9es de partenaires sp\u00e9cialistes du r\u00e9emploi et des mat\u00e9riaux biosourc\u00e9s vous garantissant une r\u00e9alisation de qualit\u00e9.\n        <\/div>\n      <\/div>\n    <\/div>\n    <div class=\"col-md-4 col-sd-12\">\n      <div class=\"text-center\">\n        <img decoding=\"async\" class=\"img-responsive projet-logo\" src=\"\/wp-content\/uploads\/2019\/09\/clarte-C.png\" alt=\"Clart\u00e9\">\n<br>\n<br>\n<br>\n      <\/div>\n      <div class=\"mini-text\">\n        <div class=\"text-center\" style=\"width: 84%; margin: auto\">\n<h4><strong>Clart\u00e9<\/strong><\/h4>\n<br>De la visite conseil \u00e0 la r\u00e9ception des travaux, nous vous aidons \u00e0 choisir les options dont vous avez besoin, puis nous signons le devis-contrat correspondant. Vous pouvez l\u2019arr\u00eater quand vous le souhaitez, m\u00eame en cours de mission.\n        <\/div>\n      <\/div>\n    <\/div>\n    <div class=\"col-md-4 col-sd-12\">\n      <div class=\"text-center\">\n        <img decoding=\"async\" class=\"img-responsive projet-logo\" src=\"\/wp-content\/uploads\/2019\/09\/independance-B.png\" alt=\"Ind\u00e9pendance\">\n<br>\n<br>\n<br>\n      <\/div>\n      <div class=\"mini-text\">\n        <div class=\"text-center\" style=\"width: 84%; margin: auto\">\n<h4><strong>Ind\u00e9pendance<\/strong><\/h4>\n<br>Notre r\u00e9mun\u00e9ration n\u2019est pas calcul\u00e9e en fonction du montant de vos travaux, elle d\u00e9pend du temps \u00e0 passer sur votre projet. Si nous trouvons des solutions pour faire mieux pour moins cher, nous serons heureuses de vous en faire part.\n        <\/div>\n      <\/div>\n    <\/div>\n  <\/div>\n<br>\n  <div class=\"row\">\n    <div class=\"col-md-4 col-sd-12\">\n      <div class=\"text-center\">\n        <img decoding=\"async\" class=\"img-responsive projet-logo\" src=\"\/wp-content\/uploads\/2019\/09\/inventivite-C.png\" alt=\"Inventivit\u00e9\">\n<br>\n<br>\n<br>\n      <\/div>\n      <div class=\"mini-text\">\n        <div class=\"text-center\" style=\"width: 84%; margin: auto\">\n<h4><strong>Inventivit\u00e9<\/strong><\/h4>\n<br>Nous sommes attentives \u00e0 toutes vos demandes pour ajuster votre projet \u00e0 vos besoins sp\u00e9cifiques. Nous sommes aussi source d\u2019inspiration et force de proposition pour trouver le projet qui vous correspond.\n        <\/div>\n      <\/div>\n    <\/div>\n    <div class=\"col-md-4 col-sd-12\">\n      <div class=\"text-center\">\n        <img decoding=\"async\" class=\"img-responsive projet-logo\" src=\"\/wp-content\/uploads\/2019\/09\/organisation-B.png\" alt=\"Organisation\">\n<br>\n<br>\n<br>\n      <\/div>\n      <div class=\"mini-text\">\n        <div class=\"text-center\" style=\"width: 84%; margin: auto\">\n<h4><strong>Organisation<\/strong><\/h4>\n<br>Nous utilisons une m\u00e9thode et des outils de travail communs aux ma\u00eetres d\u2019\u0153uvre du r\u00e9seau Instant|t. Eprouv\u00e9e sur plusieurs dizaines de projets, notre m\u00e9thode est rationalis\u00e9e pour offrir une r\u00e9elle efficacit\u00e9. \n        <\/div>\n      <\/div>\n    <\/div>\n    <div class=\"col-md-4 col-sd-12\">\n      <div class=\"text-center\">\n        <img decoding=\"async\" class=\"img-responsive projet-logo\" src=\"\/wp-content\/uploads\/2019\/09\/psychologie-C.png\" alt=\"Psychologie\">\n<br>\n<br>\n<br>\n      <\/div>\n      <div class=\"mini-text\">\n        <div class=\"text-center\" style=\"width: 84%; margin: auto\">\n<h4><strong>Sensibilit\u00e9<\/strong><\/h4>\n<br>Nous avons conscience de la capacit\u00e9 des lieux de vie \u00e0 influencer nos humeurs, nos \u00e9motions, nos pens\u00e9es. Nous vous accompagnons \u00e0 concevoir et r\u00e9aliser un projet qui s&#8217;appuie sur votre sensibilit\u00e9.\n        <\/div>\n      <\/div>\n    <\/div>\n\n  <\/div>\n<\/div>\n\n\n\n<div style=\"height:29px\" aria-hidden=\"true\" class=\"wp-block-spacer\"><\/div>\n\n\n\n<p><\/p>\n","protected":false},"excerpt":{"rendered":"<p>Nos + Engagement Nous vous conseillons pour r\u00e9duire l\u2019impact \u00e9cologique de votre projet, pour notre plan\u00e8te et pour votre bien-\u00eatre. &hellip; <a href=\"https:\/\/atelier-sienne.fr\/index.php\/nos-plus\/\" class=\"more-link\">Continue reading <span class=\"screen-reader-text\">Nos plus<\/span><\/a><\/p>\n","protected":false},"author":1,"featured_media":0,"parent":0,"menu_order":0,"comment_status":"closed","ping_status":"closed","template":"page-templates\/template-home.php","meta":{"jetpack_post_was_ever_published":false,"footnotes":""},"class_list":["post-313","page","type-page","status-publish","hentry"],"jetpack_sharing_enabled":true,"jetpack_shortlink":"https:\/\/wp.me\/PaqDx4-53","_links":{"self":[{"href":"https:\/\/atelier-sienne.fr\/index.php\/wp-json\/wp\/v2\/pages\/313","targetHints":{"allow":["GET"]}}],"collection":[{"href":"https:\/\/atelier-sienne.fr\/index.php\/wp-json\/wp\/v2\/pages"}],"about":[{"href":"https:\/\/atelier-sienne.fr\/index.php\/wp-json\/wp\/v2\/types\/page"}],"author":[{"embeddable":true,"href":"https:\/\/atelier-sienne.fr\/index.php\/wp-json\/wp\/v2\/users\/1"}],"replies":[{"embeddable":true,"href":"https:\/\/atelier-sienne.fr\/index.php\/wp-json\/wp\/v2\/comments?post=313"}],"version-history":[{"count":107,"href":"https:\/\/atelier-sienne.fr\/index.php\/wp-json\/wp\/v2\/pages\/313\/revisions"}],"predecessor-version":[{"id":5042,"href":"https:\/\/atelier-sienne.fr\/index.php\/wp-json\/wp\/v2\/pages\/313\/revisions\/5042"}],"wp:attachment":[{"href":"https:\/\/atelier-sienne.fr\/index.php\/wp-json\/wp\/v2\/media?parent=313"}],"curies":[{"name":"wp","href":"https:\/\/api.w.org\/{rel}","templated":true}]}}